{"id":75,"date":"2018-11-01T10:37:39","date_gmt":"2018-11-01T09:37:39","guid":{"rendered":"http:\/\/www.bestform-elz.de\/?page_id=75"},"modified":"2019-01-26T09:56:56","modified_gmt":"2019-01-26T08:56:56","slug":"inbody","status":"publish","type":"page","link":"https:\/\/www.bestform-elz.de\/index.php\/inbody\/","title":{"rendered":"InBody"},"content":{"rendered":"<p>[et_pb_section fb_built=&#8220;1&#8243; fullwidth=&#8220;on&#8220; admin_label=&#8220;BF-Menuezeile&#8220; _builder_version=&#8220;3.19.7&#8243; background_color=&#8220;#00aca8&#8243; custom_margin=&#8220;-25px||0px&#8220; custom_padding=&#8220;0px|0px|0px|0px|false|false&#8220; top_divider_color=&#8220;rgba(0,0,0,0)&#8220; animation_style=&#8220;slide&#8220; animation_direction=&#8220;bottom&#8220; global_module=&#8220;29041&#8243; saved_tabs=&#8220;all&#8220;][et_pb_fullwidth_header scroll_down_icon_color=&#8220;#e09900&#8243; button_one_text=&#8220;KOSTENLOSES PROBETRAINING 06431-529392&#8243; button_one_url=&#8220;http:\/\/www.bestform-elz.de\/#probetraining&#8220; background_overlay_color=&#8220;#00aca8&#8243; disabled_on=&#8220;off|off|off&#8220; admin_label=&#8220;Kostenloses Probetraining&#8220; _builder_version=&#8220;3.19.4&#8243; title_level=&#8220;h5&#8243; title_font=&#8220;|600|||||||&#8220; title_text_color=&#8220;#ed7d88&#8243; content_font=&#8220;||||||||&#8220; content_text_color=&#8220;#ed7d88&#8243; subhead_font=&#8220;||||||||&#8220; subhead_text_color=&#8220;#ed7d88&#8243; border_color_all=&#8220;#edf000&#8243; custom_margin=&#8220;-10px||-5px&#8220; custom_padding=&#8220;0px|0px|0px|0px&#8220; animation_style=&#8220;slide&#8220; animation_direction=&#8220;top&#8220; animation_duration=&#8220;2000ms&#8220; animation_delay=&#8220;2000ms&#8220; animation_speed_curve=&#8220;ease-in&#8220; hover_transition_duration=&#8220;2000ms&#8220;][\/et_pb_fullwidth_header][et_pb_fullwidth_menu active_link_color=&#8220;#ffffff&#8220; dropdown_menu_bg_color=&#8220;#00aca8&#8243; dropdown_menu_line_color=&#8220;#ed7d88&#8243; mobile_menu_bg_color=&#8220;#00aca8&#8243; _builder_version=&#8220;3.19.7&#8243; menu_font=&#8220;|700|||||||&#8220; menu_text_color=&#8220;#ffffff&#8220; menu_font_size=&#8220;20px&#8220; background_color=&#8220;#00aca8&#8243; text_orientation=&#8220;right&#8220; custom_margin=&#8220;0px||0px&#8220; custom_padding=&#8220;0px||0px&#8220;][\/et_pb_fullwidth_menu][\/et_pb_section][et_pb_section fb_built=&#8220;1&#8243; _builder_version=&#8220;3.19.4&#8243; background_image=&#8220;http:\/\/www.bestform-elz.de\/wp-content\/uploads\/2019\/01\/inbody270_handelektroden_bia-messung.jpg&#8220;][et_pb_row _builder_version=&#8220;3.19.4&#8243;][et_pb_column type=&#8220;4_4&#8243; _builder_version=&#8220;3.19.4&#8243; parallax=&#8220;off&#8220; parallax_method=&#8220;on&#8220;][et_pb_text _builder_version=&#8220;3.19.4&#8243; text_font=&#8220;|600|||||||&#8220; text_text_color=&#8220;#00aca8&#8243; text_font_size=&#8220;30px&#8220; text_line_height=&#8220;2em&#8220;]<\/p>\n<p>Paradigmenwechsel Ihres Gesundheitsindikators<\/p>\n<p>[\/et_pb_text][\/et_pb_column][\/et_pb_row][et_pb_row _builder_version=&#8220;3.0.48&#8243; background_size=&#8220;initial&#8220; background_position=&#8220;top_left&#8220; background_repeat=&#8220;repeat&#8220;][et_pb_column type=&#8220;1_3&#8243; _builder_version=&#8220;3.0.47&#8243; parallax=&#8220;off&#8220; parallax_method=&#8220;on&#8220;][et_pb_image src=&#8220;http:\/\/www.bestform-elz.de\/wp-content\/uploads\/2019\/01\/inbody270_schraeg_bia-messung-e1547135741471.png&#8220; _builder_version=&#8220;3.19.4&#8243; custom_margin=&#8220;0px|0px|0px|0px&#8220; custom_margin_last_edited=&#8220;off|desktop&#8220; custom_padding=&#8220;0px|0px|0px|0px&#8220; animation_style=&#8220;slide&#8220; animation_direction=&#8220;left&#8220; custom_margin__hover_enabled=&#8220;on&#8220;][\/et_pb_image][\/et_pb_column][et_pb_column type=&#8220;2_3&#8243; _builder_version=&#8220;3.0.47&#8243; parallax=&#8220;off&#8220; parallax_method=&#8220;on&#8220;][et_pb_text _builder_version=&#8220;3.19.4&#8243; text_font=&#8220;|600|||||||&#8220; text_text_color=&#8220;#ffffff&#8220; text_font_size=&#8220;18px&#8220; header_font=&#8220;|600|||||||&#8220; header_2_font=&#8220;||||||||&#8220; header_3_font=&#8220;||||||||&#8220; background_layout=&#8220;dark&#8220;]<\/p>\n<p>Der K\u00f6rper-Masse-Index (BMI) wird vielfach zur Bestimmung des Fettleibigkeitsgrades verwendet. Da aber nur das K\u00f6rpergewicht und die K\u00f6rpergr\u00f6\u00dfe ber\u00fccksichtigt werden und das Verh\u00e4ltnis von Muskel- und Fettmasse zueinander nicht beachtet wird, besitzt der BMI tats\u00e4chlich jedoch nur geringe Aussagekraft hinsichtlich des Gesundheitsrisikos. Aus diesem Grund gewinnt die BIA-K\u00f6rperzusammensetzungsanalyse zur Beurteilung der k\u00f6rperlichen Fitness und Gesundheit immer st\u00e4rker an Bedeutung. In diesem Zusammenhang entstand das Konzept des Fettfreie-Masse-Index (FFMI), der beschreibt, wieviel fettfreie Masse sich im K\u00f6rper der Person befindet.<br \/> Der FFMI gilt als neuer Standard der Gesundheitsbeurteilung.<\/p>\n<p>[\/et_pb_text][et_pb_image src=&#8220;http:\/\/www.bestform-elz.de\/wp-content\/uploads\/2019\/01\/inbody270_handelektroden_bia-messung-1.jpg&#8220; _builder_version=&#8220;3.19.4&#8243;][\/et_pb_image][et_pb_text _builder_version=&#8220;3.19.4&#8243; text_font=&#8220;|600|||||||&#8220; text_text_color=&#8220;#ffffff&#8220; text_font_size=&#8220;18px&#8220; header_font=&#8220;|600|||||||&#8220; header_2_font=&#8220;||||||||&#8220; header_3_font=&#8220;||||||||&#8220; background_layout=&#8220;dark&#8220;]<\/p>\n<p>Unterst\u00fctzt durch das InBody 270 K\u00f6rperanalyse Ger\u00e4t k\u00f6nnen wir den FFMI bestimmen und schnell und gezielt auf Deine Bed\u00fcrfnisse eingehen.<\/p>\n<p>[\/et_pb_text][\/et_pb_column][\/et_pb_row][\/et_pb_section][et_pb_section fb_built=&#8220;1&#8243; admin_label=&#8220;Bf-Fusszeile&#8220; _builder_version=&#8220;3.19.4&#8243; background_color=&#8220;#2b2b2b&#8220; custom_padding=&#8220;0px||0px|&#8220; custom_padding_tablet=&#8220;0px||0px|&#8220; transparent_background=&#8220;off&#8220; padding_mobile=&#8220;on&#8220; saved_tabs=&#8220;all&#8220; global_module=&#8220;28970&#8243;][et_pb_row use_custom_gutter=&#8220;on&#8220; custom_padding=&#8220;13px||0||false|false&#8220; column_padding_mobile=&#8220;on&#8220; parallax_method_1=&#8220;off&#8220; parallax_method_2=&#8220;off&#8220; parallax_method_3=&#8220;off&#8220; admin_label=&#8220;Row&#8220; _builder_version=&#8220;3.19.3&#8243; background_size=&#8220;initial&#8220; background_position=&#8220;top_left&#8220; background_repeat=&#8220;repeat&#8220; module_alignment=&#8220;center&#8220;][et_pb_column type=&#8220;1_4&#8243; _builder_version=&#8220;3.0.47&#8243; column_padding_mobile=&#8220;on&#8220; parallax=&#8220;off&#8220; parallax_method=&#8220;off&#8220;][et_pb_text admin_label=&#8220;Text&#8220; _builder_version=&#8220;3.19.3&#8243; text_font=&#8220;|700|||||||&#8220; text_text_color=&#8220;#00aca8&#8243; text_font_size=&#8220;18&#8243; text_line_height=&#8220;1.4em&#8220; background_size=&#8220;initial&#8220; background_position=&#8220;top_left&#8220; background_repeat=&#8220;repeat&#8220; custom_margin=&#8220;||8px|&#8220; use_border_color=&#8220;off&#8220; border_color=&#8220;#ffffff&#8220; border_style=&#8220;solid&#8220;]<\/p>\n<p>BESTform Elz<\/p>\n<p>[\/et_pb_text][et_pb_text admin_label=&#8220;Text&#8220; _builder_version=&#8220;3.19.3&#8243; text_font=&#8220;||||||||&#8220; text_text_color=&#8220;#ffffff&#8220; text_font_size=&#8220;16px&#8220; background_size=&#8220;initial&#8220; background_position=&#8220;top_left&#8220; background_repeat=&#8220;repeat&#8220; max_width=&#8220;300px&#8220; custom_margin=&#8220;||30px|&#8220; custom_margin_tablet=&#8220;||10px|&#8220; custom_margin_last_edited=&#8220;on|tablet&#8220; custom_padding=&#8220;0px|||&#8220; use_border_color=&#8220;off&#8220; border_color=&#8220;#ffffff&#8220; border_style=&#8220;solid&#8220;]<\/p>\n<p>Michael Bl\u00e4ttel<br \/>Schulstr. 6<br \/> 65604 Elz<\/p>\n<p>[\/et_pb_text][\/et_pb_column][et_pb_column type=&#8220;1_4&#8243; _builder_version=&#8220;3.0.47&#8243; column_padding_mobile=&#8220;on&#8220; parallax=&#8220;off&#8220; parallax_method=&#8220;off&#8220;][et_pb_text admin_label=&#8220;Text&#8220; _builder_version=&#8220;3.19&#8243; text_font=&#8220;|700|||||||&#8220; text_text_color=&#8220;#00aca8&#8243; text_font_size=&#8220;18&#8243; text_line_height=&#8220;1.4em&#8220; background_size=&#8220;initial&#8220; background_position=&#8220;top_left&#8220; background_repeat=&#8220;repeat&#8220; custom_margin=&#8220;||8px|&#8220; use_border_color=&#8220;off&#8220; border_color=&#8220;#ffffff&#8220; border_style=&#8220;solid&#8220;]<\/p>\n<p>Kontakt<\/p>\n<p>[\/et_pb_text][et_pb_text admin_label=&#8220;Text&#8220; _builder_version=&#8220;3.19&#8243; text_font=&#8220;||||||||&#8220; text_text_color=&#8220;#ffffff&#8220; text_font_size=&#8220;16px&#8220; background_size=&#8220;initial&#8220; background_position=&#8220;top_left&#8220; background_repeat=&#8220;repeat&#8220; max_width=&#8220;300px&#8220; custom_margin=&#8220;||30px|&#8220; custom_margin_tablet=&#8220;||10px|&#8220; custom_margin_last_edited=&#8220;on|tablet&#8220; custom_padding=&#8220;0px|||&#8220; use_border_color=&#8220;off&#8220; border_color=&#8220;#ffffff&#8220; border_style=&#8220;solid&#8220;]<\/p>\n<p>tel.: 06431\/529392<br \/> mail: <a href=\"mailto:info@bestform-elz.de\">info@bestform-elz.de<\/a><br \/> web: <a href=\"http:\/\/www.bestform-elz.de\">www.bestform-elz.de<\/a><\/p>\n<p>[\/et_pb_text][\/et_pb_column][et_pb_column type=&#8220;1_4&#8243; _builder_version=&#8220;3.0.47&#8243; column_padding_mobile=&#8220;on&#8220; parallax=&#8220;off&#8220; parallax_method=&#8220;off&#8220;][et_pb_text admin_label=&#8220;Text&#8220; _builder_version=&#8220;3.19.4&#8243; text_font=&#8220;|700|||||||&#8220; text_text_color=&#8220;#00aca8&#8243; text_font_size=&#8220;18&#8243; text_line_height=&#8220;1.4em&#8220; background_size=&#8220;initial&#8220; background_position=&#8220;top_left&#8220; background_repeat=&#8220;repeat&#8220; custom_margin=&#8220;||8px|&#8220; use_border_color=&#8220;off&#8220; border_color=&#8220;#ffffff&#8220; border_style=&#8220;solid&#8220;]<\/p>\n<p>\u00dcber uns<\/p>\n<p>[\/et_pb_text][et_pb_text admin_label=&#8220;Text&#8220; _builder_version=&#8220;3.19.9&#8243; text_font=&#8220;||||||||&#8220; text_text_color=&#8220;#ffffff&#8220; text_font_size=&#8220;16px&#8220; background_size=&#8220;initial&#8220; background_position=&#8220;top_left&#8220; background_repeat=&#8220;repeat&#8220; max_width=&#8220;300px&#8220; custom_margin=&#8220;||30px|&#8220; custom_margin_tablet=&#8220;||10px|&#8220; custom_margin_last_edited=&#8220;on|tablet&#8220; custom_padding=&#8220;0px|||&#8220;]<\/p>\n<p><a href=\"http:\/\/www.bestform-elz.de\/#wir-ueber-uns\">Unser Studio<\/a><br \/> <a href=\"http:\/\/www.bestform-elz.de\/#leistungen\">Unsere Leistungen<\/a><br \/> <a href=\"http:\/\/www.bestform-elz.de\/index.php\/impressum\/\">Impressum<\/a><br \/> <a href=\"http:\/\/www.bestform-elz.de\/index.php\/datenschutz\/\">Datenschutz<\/a><\/p>\n<p>[\/et_pb_text][\/et_pb_column][et_pb_column type=&#8220;1_4&#8243; _builder_version=&#8220;3.0.47&#8243; column_padding_mobile=&#8220;on&#8220; parallax=&#8220;off&#8220; parallax_method=&#8220;on&#8220;][et_pb_text admin_label=&#8220;Text&#8220; _builder_version=&#8220;3.19.4&#8243; text_font=&#8220;|700|||||||&#8220; text_text_color=&#8220;#00aca8&#8243; text_font_size=&#8220;18&#8243; text_line_height=&#8220;1.4em&#8220; background_size=&#8220;initial&#8220; background_position=&#8220;top_left&#8220; background_repeat=&#8220;repeat&#8220; custom_margin=&#8220;||8px|&#8220; use_border_color=&#8220;off&#8220; border_color=&#8220;#ffffff&#8220; border_style=&#8220;solid&#8220;]<\/p>\n<p>Folge uns<\/p>\n<p>[\/et_pb_text][et_pb_text admin_label=&#8220;Text&#8220; _builder_version=&#8220;3.19.4&#8243; text_font=&#8220;||||||||&#8220; text_text_color=&#8220;#ffffff&#8220; text_font_size=&#8220;16px&#8220; background_size=&#8220;initial&#8220; background_position=&#8220;top_left&#8220; background_repeat=&#8220;repeat&#8220; max_width=&#8220;300px&#8220; custom_margin=&#8220;||30px|&#8220; custom_margin_tablet=&#8220;||10px|&#8220; custom_margin_last_edited=&#8220;on|tablet&#8220; custom_padding=&#8220;0px|||&#8220;]<\/p>\n<p><a href=\"http:\/\/www.bestform-elz.de\/#probetraining\">Jetzt Probetraining<\/a><\/p>\n<p>[\/et_pb_text][et_pb_social_media_follow _builder_version=&#8220;3.19.4&#8243;][et_pb_social_media_follow_network social_network=&#8220;facebook&#8220; url=&#8220;https:\/\/de-de.facebook.com\/bestformelz\/&#8220; _builder_version=&#8220;3.19.4&#8243; background_color=&#8220;#3b5998&#8243; follow_button=&#8220;off&#8220; url_new_window=&#8220;on&#8220;]facebook[\/et_pb_social_media_follow_network][\/et_pb_social_media_follow][\/et_pb_column][\/et_pb_row][et_pb_row custom_padding=&#8220;1px|0px|21.4px|0px|false|false&#8220; _builder_version=&#8220;3.19.3&#8243;][et_pb_column type=&#8220;4_4&#8243; _builder_version=&#8220;3.19.3&#8243; parallax=&#8220;off&#8220; parallax_method=&#8220;on&#8220;][et_pb_text _builder_version=&#8220;3.19.4&#8243; text_font=&#8220;||||||||&#8220; text_text_color=&#8220;#bcbcbc&#8220;]<\/p>\n<p>\u00a9 2019 BESTform Elz | designed by <a href=\"https:\/\/www.elzit.de\">elzIT.de SERVICE<\/a><\/p>\n<p>[\/et_pb_text][\/et_pb_column][\/et_pb_row][\/et_pb_section]<\/p>\n","protected":false},"excerpt":{"rendered":"<p>[et_pb_section fb_built=&#8220;1&#8243; fullwidth=&#8220;on&#8220; admin_label=&#8220;BF-Menuezeile&#8220; _builder_version=&#8220;3.19.7&#8243; background_color=&#8220;#00aca8&#8243; custom_margin=&#8220;-25px||0px&#8220; custom_padding=&#8220;0px|0px|0px|0px|false|false&#8220; top_divider_color=&#8220;rgba(0,0,0,0)&#8220; animation_style=&#8220;slide&#8220; animation_direction=&#8220;bottom&#8220; global_module=&#8220;29041&#8243; saved_tabs=&#8220;all&#8220;][et_pb_fullwidth_header scroll_down_icon_color=&#8220;#e09900&#8243; button_one_text=&#8220;KOSTENLOSES PROBETRAINING 06431-529392&#8243; button_one_url=&#8220;http:\/\/www.bestform-elz.de\/#probetraining&#8220; background_overlay_color=&#8220;#00aca8&#8243; disabled_on=&#8220;off|off|off&#8220; admin_label=&#8220;Kostenloses Probetraining&#8220; _builder_version=&#8220;3.19.4&#8243; title_level=&#8220;h5&#8243; title_font=&#8220;|600|||||||&#8220; title_text_color=&#8220;#ed7d88&#8243; content_font=&#8220;||||||||&#8220; content_text_color=&#8220;#ed7d88&#8243; subhead_font=&#8220;||||||||&#8220; subhead_text_color=&#8220;#ed7d88&#8243; border_color_all=&#8220;#edf000&#8243; custom_margin=&#8220;-10px||-5px&#8220; custom_padding=&#8220;0px|0px|0px|0px&#8220; animation_style=&#8220;slide&#8220; animation_direction=&#8220;top&#8220; animation_duration=&#8220;2000ms&#8220; animation_delay=&#8220;2000ms&#8220; animation_speed_curve=&#8220;ease-in&#8220; hover_transition_duration=&#8220;2000ms&#8220;][\/et_pb_fullwidth_header][et_pb_fullwidth_menu active_link_color=&#8220;#ffffff&#8220; dropdown_menu_bg_color=&#8220;#00aca8&#8243; dropdown_menu_line_color=&#8220;#ed7d88&#8243; mobile_menu_bg_color=&#8220;#00aca8&#8243; _builder_version=&#8220;3.19.7&#8243; menu_font=&#8220;|700|||||||&#8220; menu_text_color=&#8220;#ffffff&#8220; menu_font_size=&#8220;20px&#8220; background_color=&#8220;#00aca8&#8243; text_orientation=&#8220;right&#8220; custom_margin=&#8220;0px||0px&#8220; custom_padding=&#8220;0px||0px&#8220;][\/et_pb_fullwidth_menu][\/et_pb_section][et_pb_section fb_built=&#8220;1&#8243; _builder_version=&#8220;3.19.4&#8243; background_image=&#8220;http:\/\/www.bestform-elz.de\/wp-content\/uploads\/2019\/01\/inbody270_handelektroden_bia-messung.jpg&#8220;][et_pb_row _builder_version=&#8220;3.19.4&#8243;][et_pb_column [&hellip;]<\/p>\n","protected":false},"author":2,"featured_media":0,"parent":0,"menu_order":0,"comment_status":"closed","ping_status":"closed","template":"page-template-blank.php","meta":{"_et_pb_use_builder":"on","_et_pb_old_content":"","_et_gb_content_width":""},"_links":{"self":[{"href":"https:\/\/www.bestform-elz.de\/index.php\/wp-json\/wp\/v2\/pages\/75"}],"collection":[{"href":"https:\/\/www.bestform-elz.de\/index.php\/wp-json\/wp\/v2\/pages"}],"about":[{"href":"https:\/\/www.bestform-elz.de\/index.php\/wp-json\/wp\/v2\/types\/page"}],"author":[{"embeddable":true,"href":"https:\/\/www.bestform-elz.de\/index.php\/wp-json\/wp\/v2\/users\/2"}],"replies":[{"embeddable":true,"href":"https:\/\/www.bestform-elz.de\/index.php\/wp-json\/wp\/v2\/comments?post=75"}],"version-history":[{"count":39,"href":"https:\/\/www.bestform-elz.de\/index.php\/wp-json\/wp\/v2\/pages\/75\/revisions"}],"predecessor-version":[{"id":30034,"href":"https:\/\/www.bestform-elz.de\/index.php\/wp-json\/wp\/v2\/pages\/75\/revisions\/30034"}],"wp:attachment":[{"href":"https:\/\/www.bestform-elz.de\/index.php\/wp-json\/wp\/v2\/media?parent=75"}],"curies":[{"name":"wp","href":"https:\/\/api.w.org\/{rel}","templated":true}]}}