{"id":66,"date":"2018-11-01T10:11:31","date_gmt":"2018-11-01T09:11:31","guid":{"rendered":"http:\/\/www.bestform-elz.de\/?page_id=66"},"modified":"2019-01-23T09:44:56","modified_gmt":"2019-01-23T08:44:56","slug":"vibrafit","status":"publish","type":"page","link":"https:\/\/www.bestform-elz.de\/index.php\/vibrafit\/","title":{"rendered":"Vibrafit"},"content":{"rendered":"<p>[et_pb_section fb_built=&#8220;1&#8243; fullwidth=&#8220;on&#8220; admin_label=&#8220;BF-Menuezeile&#8220; _builder_version=&#8220;3.19.4&#8243; background_color=&#8220;#00aca8&#8243; custom_padding=&#8220;0|0px|0|0px|false|false&#8220; top_divider_color=&#8220;rgba(0,0,0,0)&#8220; animation_style=&#8220;slide&#8220; animation_direction=&#8220;bottom&#8220; global_module=&#8220;29041&#8243; saved_tabs=&#8220;all&#8220;][et_pb_fullwidth_header scroll_down_icon_color=&#8220;#e09900&#8243; button_one_text=&#8220;KOSTENLOSES PROBETRAINING 06431-529392&#8243; button_one_url=&#8220;http:\/\/www.bestform-elz.de\/#probetraining&#8220; background_overlay_color=&#8220;#00aca8&#8243; disabled_on=&#8220;off|off|off&#8220; admin_label=&#8220;Kostenloses Probetraining&#8220; _builder_version=&#8220;3.19.4&#8243; title_level=&#8220;h5&#8243; title_font=&#8220;|600|||||||&#8220; title_text_color=&#8220;#ed7d88&#8243; content_font=&#8220;||||||||&#8220; content_text_color=&#8220;#ed7d88&#8243; subhead_font=&#8220;||||||||&#8220; subhead_text_color=&#8220;#ed7d88&#8243; border_color_all=&#8220;#edf000&#8243; custom_margin=&#8220;-10px||-5px&#8220; custom_padding=&#8220;0px|0px|0px|0px&#8220; animation_style=&#8220;slide&#8220; animation_direction=&#8220;top&#8220; animation_duration=&#8220;2000ms&#8220; animation_delay=&#8220;2000ms&#8220; animation_speed_curve=&#8220;ease-in&#8220; hover_transition_duration=&#8220;2000ms&#8220;][\/et_pb_fullwidth_header][et_pb_fullwidth_menu active_link_color=&#8220;#ffffff&#8220; dropdown_menu_bg_color=&#8220;#00aca8&#8243; dropdown_menu_line_color=&#8220;#ed7d88&#8243; mobile_menu_bg_color=&#8220;#00aca8&#8243; _builder_version=&#8220;3.19.4&#8243; menu_font=&#8220;|700|||||||&#8220; menu_text_color=&#8220;#ffffff&#8220; menu_font_size=&#8220;20px&#8220; background_color=&#8220;#00aca8&#8243; text_orientation=&#8220;right&#8220; custom_margin=&#8220;0px||0px&#8220; custom_padding=&#8220;0px||0px&#8220;][\/et_pb_fullwidth_menu][\/et_pb_section][et_pb_section fb_built=&#8220;1&#8243; _builder_version=&#8220;3.19.4&#8243; background_image=&#8220;http:\/\/www.bestform-elz.de\/wp-content\/uploads\/2019\/01\/inbody270_handelektroden_bia-messung.jpg&#8220;][et_pb_row _builder_version=&#8220;3.0.48&#8243; background_size=&#8220;initial&#8220; background_position=&#8220;top_left&#8220; background_repeat=&#8220;repeat&#8220;][et_pb_column type=&#8220;4_4&#8243; _builder_version=&#8220;3.0.47&#8243; parallax=&#8220;off&#8220; parallax_method=&#8220;on&#8220;][et_pb_text _builder_version=&#8220;3.19.4&#8243; text_font=&#8220;|600|||||||&#8220; text_text_color=&#8220;#00aca8&#8243; text_font_size=&#8220;30px&#8220; text_line_height=&#8220;2em&#8220; header_font=&#8220;|600|||||||&#8220; header_2_font=&#8220;||||||||&#8220; header_3_font=&#8220;||||||||&#8220; background_layout=&#8220;dark&#8220;]<\/p>\n<p>Das Prinzip von VIBRAFIT<\/p>\n<p>[\/et_pb_text][et_pb_text _builder_version=&#8220;3.19.4&#8243; text_font=&#8220;|600|||||||&#8220; text_text_color=&#8220;#ffffff&#8220; text_font_size=&#8220;18px&#8220; header_font=&#8220;|600|||||||&#8220; header_2_font=&#8220;||||||||&#8220; header_3_font=&#8220;||||||||&#8220; background_layout=&#8220;dark&#8220;]<\/p>\n<p>VIBRAFIT ist eine vibrierende Trainingsplattform, die als Ganzk\u00f6rpertrainingsger\u00e4t f\u00fcr alle Alters- und Leistungsklassen geeignet ist. Beim Training mit der Vibrafit werden mechanische Schwingungen von der Vibrationsplattform auf den K\u00f6rper \u00fcbertragen. Dadurch wirkt ein Mehrfaches des K\u00f6rpergewichtes an Energie auf den K\u00f6rper. Das erm\u00f6glicht es, Beine, Bauch, P0, Arme und Oberk\u00f6rper gleichzeitig und gleichm\u00e4\u00dfig in nahezu jeder Position (stehend, liegend, sitzend, kniend, &#8230;) zu trainieren. In nur 10 Minuten wird der gesamte K\u00f6rper trainiert, da sich Muskeln und Sehnen in schnellem Tempo zusammenziehen und wieder lockern. Ohne gro\u00dfe k\u00f6rperliche Anstrengung wird die optimale Durchblutung und St\u00e4rkung selbst schwierig zu erreichender Muskelgruppen (z.B. Beckenboden- und tiefer liegender R\u00fcckenmuskulatur) erreicht. Dabei werden die zugeh\u00f6rigen Sehnen schonend gedehnt und Koordination sowie Gleichgewicht trainiert. Optimale Ergebnisse erzielen Sie bereits mit 2 Trainingseinheiten pro Woche.<\/p>\n<p>[\/et_pb_text][\/et_pb_column][\/et_pb_row][et_pb_row _builder_version=&#8220;3.0.48&#8243; background_size=&#8220;initial&#8220; background_position=&#8220;top_left&#8220; background_repeat=&#8220;repeat&#8220;][et_pb_column type=&#8220;2_3&#8243; _builder_version=&#8220;3.0.47&#8243; parallax=&#8220;off&#8220; parallax_method=&#8220;on&#8220;][et_pb_image src=&#8220;http:\/\/www.bestform-elz.de\/wp-content\/uploads\/2019\/01\/20190119_Bestform-Vibrafit.jpg&#8220; admin_label=&#8220;Foto Margit&#8220; _builder_version=&#8220;3.19.4&#8243; border_width_all=&#8220;10px&#8220; border_color_all=&#8220;#ffffff&#8220;][\/et_pb_image][\/et_pb_column][et_pb_column type=&#8220;1_3&#8243; _builder_version=&#8220;3.0.47&#8243; parallax=&#8220;off&#8220; parallax_method=&#8220;on&#8220;][et_pb_text _builder_version=&#8220;3.19.4&#8243; text_font=&#8220;|600|||||||&#8220; text_text_color=&#8220;#ed7d88&#8243; text_font_size=&#8220;24px&#8220; header_font=&#8220;||||||||&#8220; header_font_size=&#8220;24px&#8220; header_3_font=&#8220;||||||||&#8220; header_3_font_size=&#8220;24px&#8220; background_layout=&#8220;dark&#8220; animation_style=&#8220;slide&#8220; animation_direction=&#8220;right&#8220; animation_duration=&#8220;1500ms&#8220;]<\/p>\n<ul>\n<li style=\"text-align: left;\">\n<h3>Gewebestraffung<\/h3>\n<\/li>\n<li style=\"text-align: left;\">\n<h3>Aufbau von Muskelkraft<\/h3>\n<\/li>\n<li style=\"text-align: left;\">\n<h3>Aufbau von Kraftausdauer<\/h3>\n<\/li>\n<li style=\"text-align: left;\">\n<h3>Hautbildverbesserung<\/h3>\n<\/li>\n<li style=\"text-align: left;\">\n<h3>st\u00e4rkere Blutzirkulation<\/h3>\n<\/li>\n<li style=\"text-align: left;\">\n<h3>Lymphdrainage<\/h3>\n<\/li>\n<li style=\"text-align: left;\">\n<h3>Osteoporosetraining<\/h3>\n<\/li>\n<li style=\"text-align: left;\">\n<h3>Entschlackung<\/h3>\n<\/li>\n<li style=\"text-align: left;\">\n<h3>h\u00f6here Beweglichkeit<\/h3>\n<\/li>\n<li style=\"text-align: left;\">\n<h3>Schmerzlinderung<\/h3>\n<\/li>\n<li style=\"text-align: left;\">\n<h3>I\u00f6sen von Verwachsungen<\/h3>\n<\/li>\n<li style=\"text-align: left;\">\n<h3>enorme Zeitersparnis<\/h3>\n<\/li>\n<li style=\"text-align: left;\">\n<h3>verbesserter Stoffwechsel<\/h3>\n<\/li>\n<li style=\"text-align: left;\">\n<h3>l\u00f6sen von Verspannungen<\/h3>\n<\/li>\n<li style=\"text-align: left;\">\n<h3>Verbesserung der Koordination<\/h3>\n<\/li>\n<\/ul>\n<p>[\/et_pb_text][\/et_pb_column][\/et_pb_row][\/et_pb_section][et_pb_section fb_built=&#8220;1&#8243; admin_label=&#8220;Bf-Fusszeile&#8220; _builder_version=&#8220;3.19.4&#8243; background_color=&#8220;#2b2b2b&#8220; custom_padding=&#8220;0px||0px|&#8220; custom_padding_tablet=&#8220;0px||0px|&#8220; transparent_background=&#8220;off&#8220; padding_mobile=&#8220;on&#8220; global_module=&#8220;28970&#8243; saved_tabs=&#8220;all&#8220;][et_pb_row use_custom_gutter=&#8220;on&#8220; custom_padding=&#8220;13px||0||false|false&#8220; column_padding_mobile=&#8220;on&#8220; parallax_method_1=&#8220;off&#8220; parallax_method_2=&#8220;off&#8220; parallax_method_3=&#8220;off&#8220; admin_label=&#8220;Row&#8220; _builder_version=&#8220;3.19.3&#8243; background_size=&#8220;initial&#8220; background_position=&#8220;top_left&#8220; background_repeat=&#8220;repeat&#8220; module_alignment=&#8220;center&#8220;][et_pb_column type=&#8220;1_4&#8243; _builder_version=&#8220;3.0.47&#8243; column_padding_mobile=&#8220;on&#8220; parallax=&#8220;off&#8220; parallax_method=&#8220;off&#8220;][et_pb_text admin_label=&#8220;Text&#8220; _builder_version=&#8220;3.19.3&#8243; text_font=&#8220;|700|||||||&#8220; text_text_color=&#8220;#00aca8&#8243; text_font_size=&#8220;18&#8243; text_line_height=&#8220;1.4em&#8220; background_size=&#8220;initial&#8220; background_position=&#8220;top_left&#8220; background_repeat=&#8220;repeat&#8220; custom_margin=&#8220;||8px|&#8220; use_border_color=&#8220;off&#8220; border_color=&#8220;#ffffff&#8220; border_style=&#8220;solid&#8220;]<\/p>\n<p>BESTform Elz<\/p>\n<p>[\/et_pb_text][et_pb_text admin_label=&#8220;Text&#8220; _builder_version=&#8220;3.19.3&#8243; text_font=&#8220;||||||||&#8220; text_text_color=&#8220;#ffffff&#8220; text_font_size=&#8220;16px&#8220; background_size=&#8220;initial&#8220; background_position=&#8220;top_left&#8220; background_repeat=&#8220;repeat&#8220; max_width=&#8220;300px&#8220; custom_margin=&#8220;||30px|&#8220; custom_margin_tablet=&#8220;||10px|&#8220; custom_margin_last_edited=&#8220;on|tablet&#8220; custom_padding=&#8220;0px|||&#8220; use_border_color=&#8220;off&#8220; border_color=&#8220;#ffffff&#8220; border_style=&#8220;solid&#8220;]<\/p>\n<p>Michael Bl\u00e4ttel<br \/>Schulstr. 6<br \/> 65604 Elz<\/p>\n<p>[\/et_pb_text][\/et_pb_column][et_pb_column type=&#8220;1_4&#8243; _builder_version=&#8220;3.0.47&#8243; column_padding_mobile=&#8220;on&#8220; parallax=&#8220;off&#8220; parallax_method=&#8220;off&#8220;][et_pb_text admin_label=&#8220;Text&#8220; _builder_version=&#8220;3.19&#8243; text_font=&#8220;|700|||||||&#8220; text_text_color=&#8220;#00aca8&#8243; text_font_size=&#8220;18&#8243; text_line_height=&#8220;1.4em&#8220; background_size=&#8220;initial&#8220; background_position=&#8220;top_left&#8220; background_repeat=&#8220;repeat&#8220; custom_margin=&#8220;||8px|&#8220; use_border_color=&#8220;off&#8220; border_color=&#8220;#ffffff&#8220; border_style=&#8220;solid&#8220;]<\/p>\n<p>Kontakt<\/p>\n<p>[\/et_pb_text][et_pb_text admin_label=&#8220;Text&#8220; _builder_version=&#8220;3.19&#8243; text_font=&#8220;||||||||&#8220; text_text_color=&#8220;#ffffff&#8220; text_font_size=&#8220;16px&#8220; background_size=&#8220;initial&#8220; background_position=&#8220;top_left&#8220; background_repeat=&#8220;repeat&#8220; max_width=&#8220;300px&#8220; custom_margin=&#8220;||30px|&#8220; custom_margin_tablet=&#8220;||10px|&#8220; custom_margin_last_edited=&#8220;on|tablet&#8220; custom_padding=&#8220;0px|||&#8220; use_border_color=&#8220;off&#8220; border_color=&#8220;#ffffff&#8220; border_style=&#8220;solid&#8220;]<\/p>\n<p>tel.: 06431\/529392<br \/> mail: <a href=\"mailto:info@bestform-elz.de\">info@bestform-elz.de<\/a><br \/> web: <a href=\"http:\/\/www.bestform-elz.de\">www.bestform-elz.de<\/a><\/p>\n<p>[\/et_pb_text][\/et_pb_column][et_pb_column type=&#8220;1_4&#8243; _builder_version=&#8220;3.0.47&#8243; column_padding_mobile=&#8220;on&#8220; parallax=&#8220;off&#8220; parallax_method=&#8220;off&#8220;][et_pb_text admin_label=&#8220;Text&#8220; _builder_version=&#8220;3.19.4&#8243; text_font=&#8220;|700|||||||&#8220; text_text_color=&#8220;#00aca8&#8243; text_font_size=&#8220;18&#8243; text_line_height=&#8220;1.4em&#8220; background_size=&#8220;initial&#8220; background_position=&#8220;top_left&#8220; background_repeat=&#8220;repeat&#8220; custom_margin=&#8220;||8px|&#8220; use_border_color=&#8220;off&#8220; border_color=&#8220;#ffffff&#8220; border_style=&#8220;solid&#8220;]<\/p>\n<p>\u00dcber uns<\/p>\n<p>[\/et_pb_text][et_pb_text admin_label=&#8220;Text&#8220; _builder_version=&#8220;3.19.4&#8243; text_font=&#8220;||||||||&#8220; text_text_color=&#8220;#ffffff&#8220; text_font_size=&#8220;16px&#8220; background_size=&#8220;initial&#8220; background_position=&#8220;top_left&#8220; background_repeat=&#8220;repeat&#8220; max_width=&#8220;300px&#8220; custom_margin=&#8220;||30px|&#8220; custom_margin_tablet=&#8220;||10px|&#8220; custom_margin_last_edited=&#8220;on|tablet&#8220; custom_padding=&#8220;0px|||&#8220;]<a href=\"http:\/\/www.bestform-elz.de\/#wir-ueber-uns\">Unser Studio<\/a><br \/>\n<a href=\"http:\/\/www.bestform-elz.de\/#leistungen\">Unsere Leistungen<\/a><br \/>\n<a href=\"http:\/\/www.bestform-elz.de\/index.php\/impressum\/\">Impressum<\/a><br \/>\n<a href=\"http:\/\/www.bestform-elz.de\/index.php\/datenschutz\/\">Datenschutz<\/a>[\/et_pb_text][\/et_pb_column][et_pb_column type=&#8220;1_4&#8243; _builder_version=&#8220;3.0.47&#8243; column_padding_mobile=&#8220;on&#8220; parallax=&#8220;off&#8220; parallax_method=&#8220;on&#8220;][et_pb_text admin_label=&#8220;Text&#8220; _builder_version=&#8220;3.19.4&#8243; text_font=&#8220;|700|||||||&#8220; text_text_color=&#8220;#00aca8&#8243; text_font_size=&#8220;18&#8243; text_line_height=&#8220;1.4em&#8220; background_size=&#8220;initial&#8220; background_position=&#8220;top_left&#8220; background_repeat=&#8220;repeat&#8220; custom_margin=&#8220;||8px|&#8220; use_border_color=&#8220;off&#8220; border_color=&#8220;#ffffff&#8220; border_style=&#8220;solid&#8220;]<\/p>\n<p>Folge uns<\/p>\n<p>[\/et_pb_text][et_pb_text admin_label=&#8220;Text&#8220; _builder_version=&#8220;3.19.4&#8243; text_font=&#8220;||||||||&#8220; text_text_color=&#8220;#ffffff&#8220; text_font_size=&#8220;16px&#8220; background_size=&#8220;initial&#8220; background_position=&#8220;top_left&#8220; background_repeat=&#8220;repeat&#8220; max_width=&#8220;300px&#8220; custom_margin=&#8220;||30px|&#8220; custom_margin_tablet=&#8220;||10px|&#8220; custom_margin_last_edited=&#8220;on|tablet&#8220; custom_padding=&#8220;0px|||&#8220;]<\/p>\n<p><a href=\"http:\/\/www.bestform-elz.de\/#probetraining\">Jetzt Probetraining<\/a><\/p>\n<p>[\/et_pb_text][et_pb_social_media_follow _builder_version=&#8220;3.19.4&#8243;][et_pb_social_media_follow_network social_network=&#8220;facebook&#8220; url=&#8220;https:\/\/de-de.facebook.com\/bestformelz\/&#8220; _builder_version=&#8220;3.19.4&#8243; background_color=&#8220;#3b5998&#8243; follow_button=&#8220;off&#8220; url_new_window=&#8220;on&#8220;]facebook[\/et_pb_social_media_follow_network][\/et_pb_social_media_follow][\/et_pb_column][\/et_pb_row][et_pb_row custom_padding=&#8220;1px|0px|21.4px|0px|false|false&#8220; _builder_version=&#8220;3.19.3&#8243;][et_pb_column type=&#8220;4_4&#8243; _builder_version=&#8220;3.19.3&#8243; parallax=&#8220;off&#8220; parallax_method=&#8220;on&#8220;][et_pb_text _builder_version=&#8220;3.19.4&#8243; text_font=&#8220;||||||||&#8220; text_text_color=&#8220;#bcbcbc&#8220;]<\/p>\n<p>\u00a9 2019 BESTform Elz | designed by <a href=\"https:\/\/www.elzit.de\">elzIT.de SERVICE<\/a><\/p>\n<p>[\/et_pb_text][\/et_pb_column][\/et_pb_row][\/et_pb_section]<\/p>\n","protected":false},"excerpt":{"rendered":"<p>[et_pb_section fb_built=&#8220;1&#8243; fullwidth=&#8220;on&#8220; admin_label=&#8220;BF-Menuezeile&#8220; _builder_version=&#8220;3.19.4&#8243; background_color=&#8220;#00aca8&#8243; custom_padding=&#8220;0|0px|0|0px|false|false&#8220; top_divider_color=&#8220;rgba(0,0,0,0)&#8220; animation_style=&#8220;slide&#8220; animation_direction=&#8220;bottom&#8220; global_module=&#8220;29041&#8243; saved_tabs=&#8220;all&#8220;][et_pb_fullwidth_header scroll_down_icon_color=&#8220;#e09900&#8243; button_one_text=&#8220;KOSTENLOSES PROBETRAINING 06431-529392&#8243; button_one_url=&#8220;http:\/\/www.bestform-elz.de\/#probetraining&#8220; background_overlay_color=&#8220;#00aca8&#8243; disabled_on=&#8220;off|off|off&#8220; admin_label=&#8220;Kostenloses Probetraining&#8220; _builder_version=&#8220;3.19.4&#8243; title_level=&#8220;h5&#8243; title_font=&#8220;|600|||||||&#8220; title_text_color=&#8220;#ed7d88&#8243; content_font=&#8220;||||||||&#8220; content_text_color=&#8220;#ed7d88&#8243; subhead_font=&#8220;||||||||&#8220; subhead_text_color=&#8220;#ed7d88&#8243; border_color_all=&#8220;#edf000&#8243; custom_margin=&#8220;-10px||-5px&#8220; custom_padding=&#8220;0px|0px|0px|0px&#8220; animation_style=&#8220;slide&#8220; animation_direction=&#8220;top&#8220; animation_duration=&#8220;2000ms&#8220; animation_delay=&#8220;2000ms&#8220; animation_speed_curve=&#8220;ease-in&#8220; hover_transition_duration=&#8220;2000ms&#8220;][\/et_pb_fullwidth_header][et_pb_fullwidth_menu active_link_color=&#8220;#ffffff&#8220; dropdown_menu_bg_color=&#8220;#00aca8&#8243; dropdown_menu_line_color=&#8220;#ed7d88&#8243; mobile_menu_bg_color=&#8220;#00aca8&#8243; _builder_version=&#8220;3.19.4&#8243; menu_font=&#8220;|700|||||||&#8220; menu_text_color=&#8220;#ffffff&#8220; menu_font_size=&#8220;20px&#8220; background_color=&#8220;#00aca8&#8243; text_orientation=&#8220;right&#8220; custom_margin=&#8220;0px||0px&#8220; custom_padding=&#8220;0px||0px&#8220;][\/et_pb_fullwidth_menu][\/et_pb_section][et_pb_section fb_built=&#8220;1&#8243; _builder_version=&#8220;3.19.4&#8243; background_image=&#8220;http:\/\/www.bestform-elz.de\/wp-content\/uploads\/2019\/01\/inbody270_handelektroden_bia-messung.jpg&#8220;][et_pb_row _builder_version=&#8220;3.0.48&#8243; background_size=&#8220;initial&#8220; [&hellip;]<\/p>\n","protected":false},"author":2,"featured_media":0,"parent":0,"menu_order":0,"comment_status":"closed","ping_status":"closed","template":"page-template-blank.php","meta":{"_et_pb_use_builder":"on","_et_pb_old_content":"","_et_gb_content_width":""},"_links":{"self":[{"href":"https:\/\/www.bestform-elz.de\/index.php\/wp-json\/wp\/v2\/pages\/66"}],"collection":[{"href":"https:\/\/www.bestform-elz.de\/index.php\/wp-json\/wp\/v2\/pages"}],"about":[{"href":"https:\/\/www.bestform-elz.de\/index.php\/wp-json\/wp\/v2\/types\/page"}],"author":[{"embeddable":true,"href":"https:\/\/www.bestform-elz.de\/index.php\/wp-json\/wp\/v2\/users\/2"}],"replies":[{"embeddable":true,"href":"https:\/\/www.bestform-elz.de\/index.php\/wp-json\/wp\/v2\/comments?post=66"}],"version-history":[{"count":20,"href":"https:\/\/www.bestform-elz.de\/index.php\/wp-json\/wp\/v2\/pages\/66\/revisions"}],"predecessor-version":[{"id":29786,"href":"https:\/\/www.bestform-elz.de\/index.php\/wp-json\/wp\/v2\/pages\/66\/revisions\/29786"}],"wp:attachment":[{"href":"https:\/\/www.bestform-elz.de\/index.php\/wp-json\/wp\/v2\/media?parent=66"}],"curies":[{"name":"wp","href":"https:\/\/api.w.org\/{rel}","templated":true}]}}