{"id":31010,"date":"2022-10-09T20:12:46","date_gmt":"2022-10-09T18:12:46","guid":{"rendered":"http:\/\/www.bestform-elz.de\/?page_id=31010"},"modified":"2022-10-20T17:14:13","modified_gmt":"2022-10-20T15:14:13","slug":"corona","status":"publish","type":"page","link":"https:\/\/www.bestform-elz.de\/index.php\/corona\/","title":{"rendered":"Corona"},"content":{"rendered":"<p>[et_pb_section fb_built=&#8220;1&#8243; fullwidth=&#8220;on&#8220; disabled_on=&#8220;off|off|off&#8220; admin_label=&#8220;BF-Menuezeile&#8220; _builder_version=&#8220;4.5.3&#8243; background_color=&#8220;#007072&#8243; background_enable_image=&#8220;off&#8220; custom_margin=&#8220;-25px||0px&#8220; custom_padding=&#8220;0px|0px|0px|0px|false|false&#8220; top_divider_color=&#8220;rgba(0,0,0,0)&#8220; animation_style=&#8220;slide&#8220; animation_direction=&#8220;bottom&#8220; global_module=&#8220;29041&#8243; saved_tabs=&#8220;all&#8220;][et_pb_fullwidth_header button_one_text=&#8220;Mehr zu Figurscout!&#8220; button_one_url=&#8220;http:\/\/www.bestform-elz.de\/index.php\/figurscout\/&#8220; button_two_text=&#8220;Mehr zu Collarium!&#8220; button_two_url=&#8220;http:\/\/www.bestform-elz.de\/index.php\/collarium-revolutiond\/&#8220; background_overlay_color=&#8220;#00aca8&#8243; disabled_on=&#8220;off|off|off&#8220; admin_label=&#8220;Kostenloses Probetraining&#8220; _builder_version=&#8220;4.5.3&#8243; title_level=&#8220;h5&#8243; title_font=&#8220;|600|||||||&#8220; title_text_color=&#8220;#ed7d88&#8243; content_font=&#8220;||||||||&#8220; content_text_color=&#8220;#ed7d88&#8243; subhead_font=&#8220;||||||||&#8220; subhead_text_color=&#8220;#ed7d88&#8243; background_color=&#8220;#007072&#8243; custom_button_two=&#8220;on&#8220; button_two_font=&#8220;||||||||&#8220; button_two_on_hover=&#8220;off&#8220; custom_margin=&#8220;-10px||-5px&#8220; custom_padding=&#8220;0px|0px|0px|0px&#8220; animation_style=&#8220;slide&#8220; animation_direction=&#8220;top&#8220; animation_duration=&#8220;2000ms&#8220; animation_delay=&#8220;2000ms&#8220; animation_speed_curve=&#8220;ease-in&#8220; hover_transition_duration=&#8220;2000ms&#8220; border_color_all=&#8220;#edf000&#8243;][\/et_pb_fullwidth_header][et_pb_fullwidth_header button_one_text=&#8220;Ab Freitag, den 15. Mai ist unser Studio wieder ge\u00f6ffnet! &#8220; button_one_url=&#8220;http:\/\/www.bestform-elz.de\/#corona&#8220; button_two_text=&#8220;Mehr&#8220; button_two_url=&#8220;http:\/\/www.bestform-elz.de\/#corona&#8220; background_overlay_color=&#8220;#00aca8&#8243; disabled_on=&#8220;on|on|on&#8220; admin_label=&#8220;Kostenloses Probetraining&#8220; _builder_version=&#8220;4.5.3&#8243; title_level=&#8220;h5&#8243; title_font=&#8220;|600|||||||&#8220; title_text_color=&#8220;#ed7d88&#8243; content_font=&#8220;||||||||&#8220; content_text_color=&#8220;#ed7d88&#8243; subhead_font=&#8220;||||||||&#8220; subhead_text_color=&#8220;#ed7d88&#8243; background_color=&#8220;#007072&#8243; custom_button_two=&#8220;on&#8220; button_two_font=&#8220;||||||||&#8220; button_two_on_hover=&#8220;off&#8220; custom_margin=&#8220;-10px||-5px&#8220; custom_padding=&#8220;0px|0px|0px|0px&#8220; animation_style=&#8220;slide&#8220; animation_direction=&#8220;top&#8220; animation_duration=&#8220;2000ms&#8220; animation_delay=&#8220;2000ms&#8220; animation_speed_curve=&#8220;ease-in&#8220; hover_transition_duration=&#8220;2000ms&#8220; border_color_all=&#8220;#edf000&#8243; disabled=&#8220;on&#8220;][\/et_pb_fullwidth_header][et_pb_fullwidth_header button_one_text=&#8220;KOSTENLOSES PROBETRAINING 06431-529392&#8243; button_one_url=&#8220;http:\/\/www.bestform-elz.de\/#probetraining&#8220; background_overlay_color=&#8220;#00aca8&#8243; disabled_on=&#8220;on|on|on&#8220; admin_label=&#8220;Kostenloses Probetraining&#8220; _builder_version=&#8220;4.5.3&#8243; title_level=&#8220;h5&#8243; title_font=&#8220;|600|||||||&#8220; title_text_color=&#8220;#ed7d88&#8243; content_font=&#8220;||||||||&#8220; content_text_color=&#8220;#ed7d88&#8243; subhead_font=&#8220;||||||||&#8220; subhead_text_color=&#8220;#ed7d88&#8243; background_color=&#8220;#007072&#8243; custom_margin=&#8220;-10px||-5px&#8220; custom_padding=&#8220;0px|0px|0px|0px&#8220; animation_style=&#8220;slide&#8220; animation_direction=&#8220;top&#8220; animation_duration=&#8220;2000ms&#8220; animation_delay=&#8220;2000ms&#8220; animation_speed_curve=&#8220;ease-in&#8220; hover_transition_duration=&#8220;2000ms&#8220; border_color_all=&#8220;#edf000&#8243; disabled=&#8220;on&#8220;][\/et_pb_fullwidth_header][et_pb_fullwidth_header button_one_text=&#8220;Weihnachtsgeschenk GUTSCHEIN &#8211; Sparen Sie 45%!&#8220; button_one_url=&#8220;http:\/\/www.bestform-elz.de\/index.php\/2019\/11\/weihnachtsgeschenk-gutschein\/&#8220; background_overlay_color=&#8220;#00aca8&#8243; disabled_on=&#8220;on|on|on&#8220; admin_label=&#8220;Zuckerfrei Challenge&#8220; _builder_version=&#8220;4.5.3&#8243; title_level=&#8220;h5&#8243; title_font=&#8220;|600|||||||&#8220; title_text_color=&#8220;#ed7d88&#8243; content_font=&#8220;||||||||&#8220; content_text_color=&#8220;#ed7d88&#8243; subhead_font=&#8220;||||||||&#8220; subhead_text_color=&#8220;#ed7d88&#8243; background_color=&#8220;#007072&#8243; custom_margin=&#8220;-10px||-5px&#8220; custom_padding=&#8220;0px|0px|0px|0px&#8220; animation_style=&#8220;slide&#8220; animation_direction=&#8220;top&#8220; animation_duration=&#8220;2000ms&#8220; animation_delay=&#8220;2000ms&#8220; animation_speed_curve=&#8220;ease-in&#8220; hover_transition_duration=&#8220;2000ms&#8220; border_color_all=&#8220;#edf000&#8243; disabled=&#8220;on&#8220;][\/et_pb_fullwidth_header][et_pb_fullwidth_menu active_link_color=&#8220;#ffffff&#8220; dropdown_menu_bg_color=&#8220;#00aca8&#8243; dropdown_menu_line_color=&#8220;#ed7d88&#8243; mobile_menu_bg_color=&#8220;#00aca8&#8243; _builder_version=&#8220;4.5.3&#8243; menu_font=&#8220;|700|||||||&#8220; menu_text_color=&#8220;#ffffff&#8220; menu_font_size=&#8220;20px&#8220; background_color=&#8220;#007072&#8243; text_orientation=&#8220;right&#8220; custom_margin=&#8220;0px||0px&#8220; custom_padding=&#8220;0px||0px&#8220;][\/et_pb_fullwidth_menu][\/et_pb_section][et_pb_section fb_built=&#8220;1&#8243; _builder_version=&#8220;4.5.3&#8243; background_image=&#8220;http:\/\/www.bestform-elz.de\/wp-content\/uploads\/2022\/10\/Corona.jpg&#8220; background_blend=&#8220;darken&#8220;][et_pb_row _builder_version=&#8220;4.5.3&#8243; background_size=&#8220;initial&#8220; background_position=&#8220;top_left&#8220; background_repeat=&#8220;repeat&#8220; animation_style=&#8220;fade&#8220;][et_pb_column type=&#8220;4_4&#8243; _builder_version=&#8220;3.25&#8243; custom_padding=&#8220;|||&#8220; custom_padding__hover=&#8220;|||&#8220;][et_pb_blurb title=&#8220;Hygiene Hinweise in Zeiten des Coronavirus&#8220; image=&#8220;http:\/\/www.bestform-elz.de\/wp-content\/uploads\/2020\/05\/Abstand-halten.png&#8220; _builder_version=&#8220;4.5.3&#8243; _module_preset=&#8220;default&#8220; header_text_color=&#8220;#e02b20&#8243; body_font=&#8220;|600|||||||&#8220; body_text_color=&#8220;#e02b20&#8243; body_font_size=&#8220;16px&#8220; background_color=&#8220;#ffffff&#8220; width=&#8220;58%&#8220; module_alignment=&#8220;center&#8220; hover_enabled=&#8220;0&#8243;]<\/p>\n<ol>\n<li style=\"text-align: left;\"><span style=\"font-family: arial, helvetica, sans-serif; font-size: 12pt; color: #e02b20;\">Wir begr\u00fc\u00dfen uns mit einem freundlichen L\u00e4cheln.<\/span><\/li>\n<li><span style=\"font-family: arial, helvetica, sans-serif; font-size: 12pt; color: #e02b20;\">Vor- und nach dem Training H\u00e4nde gr\u00fcndlich waschen.<\/span><\/li>\n<li><span style=\"font-family: arial, helvetica, sans-serif; font-size: 12pt; color: #e02b20;\">Einmal Papierhandt\u00fccher benutzen und im M\u00fclleimer entsorgen.<\/span><\/li>\n<li><span style=\"font-family: arial, helvetica, sans-serif; font-size: 12pt; color: #e02b20;\">Desinfektionsmittel zur Hand- und Fl\u00e4chendesinfektion stehen euch im Studio zur Verf\u00fcgung.<\/span><\/li>\n<li><span style=\"font-family: arial, helvetica, sans-serif; font-size: 12pt; color: #e02b20;\">Trainiert wird ausschlie\u00dflich in Turnschuhen.<\/span><\/li>\n<li><span style=\"font-family: arial, helvetica, sans-serif; font-size: 12pt; color: #e02b20;\">Bitte mitbringen: gro\u00dfes Handtuch f\u00fcr evtl. \u00dcbungen auf dem Boden, eigener Mund- Nasenschutz.<\/span><\/li>\n<li><span style=\"font-family: arial, helvetica, sans-serif; font-size: 12pt; color: #e02b20;\">Das Tragen einer Mund- Nasenbedeckung w\u00e4hrend des Trainings ist <span style=\"text-decoration: underline;\">nicht<\/span> erforderlich!<\/span><\/li>\n<\/ol>\n<p><span style=\"font-family: arial, helvetica, sans-serif; font-size: 12pt; color: #e02b20;\">\u00c4nderungen vorbehalten<\/span><\/p>\n<p><script src=\"moz-extension:\/\/c6caa283-66aa-4353-ab49-37382e2aaab5\/js\/app.js\" type=\"text\/javascript\"><\/script> <script src=\"moz-extension:\/\/c6caa283-66aa-4353-ab49-37382e2aaab5\/js\/app.js\" type=\"text\/javascript\"><\/script><\/p>\n<p><script src=\"moz-extension:\/\/c6caa283-66aa-4353-ab49-37382e2aaab5\/js\/app.js\" type=\"text\/javascript\"><\/script> <script src=\"moz-extension:\/\/c6caa283-66aa-4353-ab49-37382e2aaab5\/js\/app.js\" type=\"text\/javascript\"><\/script><\/p>\n<p><script src=\"moz-extension:\/\/c6caa283-66aa-4353-ab49-37382e2aaab5\/js\/app.js\" type=\"text\/javascript\"><\/script><\/p>\n<p><script src=\"moz-extension:\/\/c6caa283-66aa-4353-ab49-37382e2aaab5\/js\/app.js\" type=\"text\/javascript\"><\/script><\/p>\n<p>[\/et_pb_blurb][\/et_pb_column][\/et_pb_row][\/et_pb_section][et_pb_section fb_built=&#8220;1&#8243; admin_label=&#8220;Bf-Fusszeile&#8220; _builder_version=&#8220;3.19.4&#8243; background_color=&#8220;#2b2b2b&#8220; custom_padding=&#8220;0||0px||false|false&#8220; custom_padding_tablet=&#8220;0px||0px|&#8220; transparent_background=&#8220;off&#8220; padding_mobile=&#8220;on&#8220; global_module=&#8220;28970&#8243; saved_tabs=&#8220;all&#8220;][et_pb_row use_custom_gutter=&#8220;on&#8220; column_padding_mobile=&#8220;on&#8220; admin_label=&#8220;Row&#8220; _builder_version=&#8220;3.25&#8243; background_size=&#8220;initial&#8220; background_position=&#8220;top_left&#8220; background_repeat=&#8220;repeat&#8220; module_alignment=&#8220;center&#8220; custom_padding=&#8220;0||0||false|false&#8220; column_structure=&#8220;1_4,1_4,1_4,1_4&#8243;][et_pb_column type=&#8220;1_4&#8243; _builder_version=&#8220;3.25&#8243; custom_padding=&#8220;|||&#8220; custom_padding__hover=&#8220;|||&#8220;][et_pb_text admin_label=&#8220;Text&#8220; _builder_version=&#8220;3.27.4&#8243; text_font=&#8220;|700|||||||&#8220; text_text_color=&#8220;#00aca8&#8243; text_font_size=&#8220;18&#8243; text_line_height=&#8220;1.4em&#8220; background_size=&#8220;initial&#8220; background_position=&#8220;top_left&#8220; background_repeat=&#8220;repeat&#8220; custom_margin=&#8220;||8px|&#8220; use_border_color=&#8220;off&#8220; border_color=&#8220;#ffffff&#8220; border_style=&#8220;solid&#8220;]<\/p>\n<p>BESTform Elz<\/p>\n<p>[\/et_pb_text][et_pb_text admin_label=&#8220;Text&#8220; _builder_version=&#8220;3.27.4&#8243; text_font=&#8220;||||||||&#8220; text_text_color=&#8220;#ffffff&#8220; text_font_size=&#8220;16px&#8220; background_size=&#8220;initial&#8220; background_position=&#8220;top_left&#8220; background_repeat=&#8220;repeat&#8220; max_width=&#8220;300px&#8220; custom_margin=&#8220;||30px|&#8220; custom_margin_tablet=&#8220;||10px|&#8220; custom_margin_phone=&#8220;&#8220; custom_margin_last_edited=&#8220;on|tablet&#8220; custom_padding=&#8220;0px|||&#8220; use_border_color=&#8220;off&#8220; border_color=&#8220;#ffffff&#8220; border_style=&#8220;solid&#8220;]<\/p>\n<p>Michael Bl\u00e4ttel<br \/>Schulstr. 6<br \/> 65604 Elz<\/p>\n<p>[\/et_pb_text][\/et_pb_column][et_pb_column type=&#8220;1_4&#8243; _builder_version=&#8220;3.25&#8243; custom_padding=&#8220;|||&#8220; custom_padding__hover=&#8220;|||&#8220;][et_pb_text admin_label=&#8220;Text&#8220; _builder_version=&#8220;3.27.4&#8243; text_font=&#8220;|700|||||||&#8220; text_text_color=&#8220;#00aca8&#8243; text_font_size=&#8220;18&#8243; text_line_height=&#8220;1.4em&#8220; background_size=&#8220;initial&#8220; background_position=&#8220;top_left&#8220; background_repeat=&#8220;repeat&#8220; custom_margin=&#8220;||8px|&#8220; use_border_color=&#8220;off&#8220; border_color=&#8220;#ffffff&#8220; border_style=&#8220;solid&#8220;]<\/p>\n<p>Kontakt<\/p>\n<p>[\/et_pb_text][et_pb_text admin_label=&#8220;Text&#8220; _builder_version=&#8220;3.27.4&#8243; text_font=&#8220;||||||||&#8220; text_text_color=&#8220;#ffffff&#8220; text_font_size=&#8220;16px&#8220; background_size=&#8220;initial&#8220; background_position=&#8220;top_left&#8220; background_repeat=&#8220;repeat&#8220; max_width=&#8220;300px&#8220; custom_margin=&#8220;||30px|&#8220; custom_margin_tablet=&#8220;||10px|&#8220; custom_margin_phone=&#8220;&#8220; custom_margin_last_edited=&#8220;on|tablet&#8220; custom_padding=&#8220;0px|||&#8220; use_border_color=&#8220;off&#8220; border_color=&#8220;#ffffff&#8220; border_style=&#8220;solid&#8220;]<\/p>\n<p>tel.: 06431\/529392<br \/> mail: <a href=\"mailto:info@bestform-elz.de\">info@bestform-elz.de<\/a><br \/> web: <a href=\"http:\/\/www.bestform-elz.de\">www.bestform-elz.de<\/a><\/p>\n<p>[\/et_pb_text][\/et_pb_column][et_pb_column type=&#8220;1_4&#8243; _builder_version=&#8220;3.25&#8243; custom_padding=&#8220;|||&#8220; custom_padding__hover=&#8220;|||&#8220;][et_pb_text admin_label=&#8220;Text&#8220; _builder_version=&#8220;3.27.4&#8243; text_font=&#8220;|700|||||||&#8220; text_text_color=&#8220;#00aca8&#8243; text_font_size=&#8220;18&#8243; text_line_height=&#8220;1.4em&#8220; background_size=&#8220;initial&#8220; background_position=&#8220;top_left&#8220; background_repeat=&#8220;repeat&#8220; custom_margin=&#8220;||8px|&#8220; use_border_color=&#8220;off&#8220; border_color=&#8220;#ffffff&#8220; border_style=&#8220;solid&#8220;]<\/p>\n<p>\u00dcber uns<\/p>\n<p>[\/et_pb_text][et_pb_text admin_label=&#8220;Text&#8220; _builder_version=&#8220;3.27.4&#8243; text_font=&#8220;||||||||&#8220; text_text_color=&#8220;#ffffff&#8220; text_font_size=&#8220;16px&#8220; background_size=&#8220;initial&#8220; background_position=&#8220;top_left&#8220; background_repeat=&#8220;repeat&#8220; max_width=&#8220;300px&#8220; custom_margin=&#8220;||30px|&#8220; custom_margin_tablet=&#8220;||10px|&#8220; custom_margin_phone=&#8220;&#8220; custom_margin_last_edited=&#8220;on|tablet&#8220; custom_padding=&#8220;0px|||&#8220;]<\/p>\n<p><a href=\"http:\/\/www.bestform-elz.de\/#wir-ueber-uns\">Unser Studio<\/a><br \/> <a href=\"http:\/\/www.bestform-elz.de\/#leistungen\">Unsere Leistungen<\/a><br \/> <a href=\"http:\/\/www.bestform-elz.de\/index.php\/impressum\/\">Impressum<\/a><br \/> <a href=\"http:\/\/www.bestform-elz.de\/index.php\/datenschutz\/\">Datenschutz<\/a><\/p>\n<p>[\/et_pb_text][\/et_pb_column][et_pb_column type=&#8220;1_4&#8243; _builder_version=&#8220;3.25&#8243; custom_padding=&#8220;|||&#8220; custom_padding__hover=&#8220;|||&#8220;][et_pb_text admin_label=&#8220;Text&#8220; _builder_version=&#8220;3.27.4&#8243; text_font=&#8220;|700|||||||&#8220; text_text_color=&#8220;#00aca8&#8243; text_font_size=&#8220;18&#8243; text_line_height=&#8220;1.4em&#8220; background_size=&#8220;initial&#8220; background_position=&#8220;top_left&#8220; background_repeat=&#8220;repeat&#8220; custom_margin=&#8220;||8px|&#8220; use_border_color=&#8220;off&#8220; border_color=&#8220;#ffffff&#8220; border_style=&#8220;solid&#8220;]<\/p>\n<p>Folge uns<\/p>\n<p>[\/et_pb_text][et_pb_text admin_label=&#8220;Text&#8220; _builder_version=&#8220;3.27.4&#8243; text_font=&#8220;||||||||&#8220; text_text_color=&#8220;#ffffff&#8220; text_font_size=&#8220;16px&#8220; background_size=&#8220;initial&#8220; background_position=&#8220;top_left&#8220; background_repeat=&#8220;repeat&#8220; max_width=&#8220;300px&#8220; custom_margin=&#8220;||30px|&#8220; custom_margin_tablet=&#8220;||10px|&#8220; custom_margin_phone=&#8220;&#8220; custom_margin_last_edited=&#8220;on|tablet&#8220; custom_padding=&#8220;0px|||&#8220;]<\/p>\n<p><a href=\"http:\/\/www.bestform-elz.de\/#probetraining\">Jetzt Probetraining<\/a><\/p>\n<p>[\/et_pb_text][et_pb_social_media_follow _builder_version=&#8220;3.19.4&#8243;][et_pb_social_media_follow_network social_network=&#8220;facebook&#8220; url=&#8220;https:\/\/de-de.facebook.com\/bestformelz\/&#8220; _builder_version=&#8220;3.19.4&#8243; background_color=&#8220;#3b5998&#8243; follow_button=&#8220;off&#8220; url_new_window=&#8220;on&#8220;]facebook[\/et_pb_social_media_follow_network][\/et_pb_social_media_follow][\/et_pb_column][\/et_pb_row][et_pb_row _builder_version=&#8220;3.25&#8243; custom_padding=&#8220;1px|0px|21.4px|0px|false|false&#8220;][et_pb_column type=&#8220;4_4&#8243; _builder_version=&#8220;3.25&#8243; custom_padding=&#8220;|||&#8220; custom_padding__hover=&#8220;|||&#8220;][et_pb_text _builder_version=&#8220;3.27.4&#8243; text_font=&#8220;||||||||&#8220; text_text_color=&#8220;#bcbcbc&#8220;]<\/p>\n<p>\u00a9 2019 BESTform Elz | designed by <a href=\"https:\/\/www.elzit.de\">elzIT.de SERVICE<\/a><\/p>\n<p>[\/et_pb_text][\/et_pb_column][\/et_pb_row][\/et_pb_section]<\/p>\n","protected":false},"excerpt":{"rendered":"<p>[et_pb_section fb_built=&#8220;1&#8243; fullwidth=&#8220;on&#8220; disabled_on=&#8220;off|off|off&#8220; admin_label=&#8220;BF-Menuezeile&#8220; _builder_version=&#8220;4.5.3&#8243; background_color=&#8220;#007072&#8243; background_enable_image=&#8220;off&#8220; custom_margin=&#8220;-25px||0px&#8220; custom_padding=&#8220;0px|0px|0px|0px|false|false&#8220; top_divider_color=&#8220;rgba(0,0,0,0)&#8220; animation_style=&#8220;slide&#8220; animation_direction=&#8220;bottom&#8220; global_module=&#8220;29041&#8243; saved_tabs=&#8220;all&#8220;][et_pb_fullwidth_header button_one_text=&#8220;Mehr zu Figurscout!&#8220; button_one_url=&#8220;http:\/\/www.bestform-elz.de\/index.php\/figurscout\/&#8220; button_two_text=&#8220;Mehr zu Collarium!&#8220; button_two_url=&#8220;http:\/\/www.bestform-elz.de\/index.php\/collarium-revolutiond\/&#8220; background_overlay_color=&#8220;#00aca8&#8243; disabled_on=&#8220;off|off|off&#8220; admin_label=&#8220;Kostenloses Probetraining&#8220; _builder_version=&#8220;4.5.3&#8243; title_level=&#8220;h5&#8243; title_font=&#8220;|600|||||||&#8220; title_text_color=&#8220;#ed7d88&#8243; content_font=&#8220;||||||||&#8220; content_text_color=&#8220;#ed7d88&#8243; subhead_font=&#8220;||||||||&#8220; subhead_text_color=&#8220;#ed7d88&#8243; background_color=&#8220;#007072&#8243; custom_button_two=&#8220;on&#8220; button_two_font=&#8220;||||||||&#8220; button_two_on_hover=&#8220;off&#8220; custom_margin=&#8220;-10px||-5px&#8220; custom_padding=&#8220;0px|0px|0px|0px&#8220; animation_style=&#8220;slide&#8220; animation_direction=&#8220;top&#8220; animation_duration=&#8220;2000ms&#8220; animation_delay=&#8220;2000ms&#8220; animation_speed_curve=&#8220;ease-in&#8220; hover_transition_duration=&#8220;2000ms&#8220; border_color_all=&#8220;#edf000&#8243;][\/et_pb_fullwidth_header][et_pb_fullwidth_header button_one_text=&#8220;Ab Freitag, den 15. Mai ist unser [&hellip;]<\/p>\n","protected":false},"author":4,"featured_media":0,"parent":0,"menu_order":0,"comment_status":"closed","ping_status":"closed","template":"page-template-blank.php","meta":{"_et_pb_use_builder":"on","_et_pb_old_content":"<p>\u00a0<\/p><p><script src=\"moz-extension:\/\/c6caa283-66aa-4353-ab49-37382e2aaab5\/js\/app.js\" type=\"text\/javascript\"><\/script><\/p>","_et_gb_content_width":""},"_links":{"self":[{"href":"https:\/\/www.bestform-elz.de\/index.php\/wp-json\/wp\/v2\/pages\/31010"}],"collection":[{"href":"https:\/\/www.bestform-elz.de\/index.php\/wp-json\/wp\/v2\/pages"}],"about":[{"href":"https:\/\/www.bestform-elz.de\/index.php\/wp-json\/wp\/v2\/types\/page"}],"author":[{"embeddable":true,"href":"https:\/\/www.bestform-elz.de\/index.php\/wp-json\/wp\/v2\/users\/4"}],"replies":[{"embeddable":true,"href":"https:\/\/www.bestform-elz.de\/index.php\/wp-json\/wp\/v2\/comments?post=31010"}],"version-history":[{"count":23,"href":"https:\/\/www.bestform-elz.de\/index.php\/wp-json\/wp\/v2\/pages\/31010\/revisions"}],"predecessor-version":[{"id":31210,"href":"https:\/\/www.bestform-elz.de\/index.php\/wp-json\/wp\/v2\/pages\/31010\/revisions\/31210"}],"wp:attachment":[{"href":"https:\/\/www.bestform-elz.de\/index.php\/wp-json\/wp\/v2\/media?parent=31010"}],"curies":[{"name":"wp","href":"https:\/\/api.w.org\/{rel}","templated":true}]}}