{"id":31298,"date":"2023-11-24T17:14:04","date_gmt":"2023-11-24T16:14:04","guid":{"rendered":"https:\/\/www.bestform-elz.de\/?page_id=31298"},"modified":"2025-12-23T15:06:50","modified_gmt":"2025-12-23T14:06:50","slug":"ihht","status":"publish","type":"page","link":"http:\/\/www.bestform-elz.de\/index.php\/ihht\/","title":{"rendered":"IHHT"},"content":{"rendered":"<p>[et_pb_section fb_built=&#8220;1&#8243; fullwidth=&#8220;on&#8220; disabled_on=&#8220;off|off|off&#8220; admin_label=&#8220;BF-Menuezeile&#8220; _builder_version=&#8220;4.5.3&#8243; background_color=&#8220;#007072&#8243; background_enable_image=&#8220;off&#8220; custom_margin=&#8220;-25px||0px&#8220; custom_padding=&#8220;0px|0px|0px|0px|false|false&#8220; top_divider_color=&#8220;rgba(0,0,0,0)&#8220; animation_style=&#8220;slide&#8220; animation_direction=&#8220;bottom&#8220; global_module=&#8220;29041&#8243; saved_tabs=&#8220;all&#8220;][et_pb_fullwidth_header button_one_text=&#8220;Zum Xbody Video!&#8220; button_one_url=&#8220;http:\/\/www.bestform-elz.de\/index.php\/figurscout\/&#8220; button_two_text=&#8220;Mehr zu IHHT!&#8220; button_two_url=&#8220;http:\/\/www.bestform-elz.de\/index.php\/IHHT\/&#8220; background_overlay_color=&#8220;#00aca8&#8243; disabled_on=&#8220;off|off|off&#8220; admin_label=&#8220;Kostenloses Probetraining&#8220; _builder_version=&#8220;4.5.3&#8243; title_level=&#8220;h5&#8243; title_font=&#8220;|600|||||||&#8220; title_text_color=&#8220;#ed7d88&#8243; content_font=&#8220;||||||||&#8220; content_text_color=&#8220;#ed7d88&#8243; subhead_font=&#8220;||||||||&#8220; subhead_text_color=&#8220;#ed7d88&#8243; background_color=&#8220;#007072&#8243; custom_button_two=&#8220;on&#8220; button_two_font=&#8220;||||||||&#8220; button_two_on_hover=&#8220;off&#8220; custom_margin=&#8220;-10px||-5px&#8220; custom_padding=&#8220;0px|0px|0px|0px&#8220; animation_style=&#8220;slide&#8220; animation_direction=&#8220;top&#8220; animation_duration=&#8220;2000ms&#8220; animation_delay=&#8220;2000ms&#8220; animation_speed_curve=&#8220;ease-in&#8220; hover_transition_duration=&#8220;2000ms&#8220; border_color_all=&#8220;#edf000&#8243;][\/et_pb_fullwidth_header][et_pb_fullwidth_header button_one_text=&#8220;Zum Xbody Video!&#8220; button_one_url=&#8220; https:\/\/www.bestform-elz.de\/index.php\/ihht\/&#8220; button_two_url=&#8220;http:\/\/www.bestform-elz.de\/#corona&#8220; background_overlay_color=&#8220;#00aca8&#8243; disabled_on=&#8220;off|on|on&#8220; admin_label=&#8220;Kostenloses Probetraining&#8220; _builder_version=&#8220;4.5.3&#8243; title_level=&#8220;h5&#8243; title_font=&#8220;|600|||||||&#8220; title_text_color=&#8220;#ed7d88&#8243; content_font=&#8220;||||||||&#8220; content_text_color=&#8220;#ed7d88&#8243; subhead_font=&#8220;||||||||&#8220; subhead_text_color=&#8220;#ed7d88&#8243; background_color=&#8220;#007072&#8243; custom_button_two=&#8220;on&#8220; button_two_font=&#8220;||||||||&#8220; button_two_on_hover=&#8220;off&#8220; custom_margin=&#8220;-10px||-5px&#8220; custom_padding=&#8220;0px|0px|0px|0px&#8220; animation_style=&#8220;slide&#8220; animation_direction=&#8220;top&#8220; animation_duration=&#8220;2000ms&#8220; animation_delay=&#8220;2000ms&#8220; animation_speed_curve=&#8220;ease-in&#8220; hover_transition_duration=&#8220;2000ms&#8220; border_color_all=&#8220;#edf000&#8243;][\/et_pb_fullwidth_header][et_pb_fullwidth_header button_one_text=&#8220;KOSTENLOSES PROBETRAINING 06431-529392&#8243; button_one_url=&#8220;http:\/\/www.bestform-elz.de\/#probetraining&#8220; background_overlay_color=&#8220;#00aca8&#8243; disabled_on=&#8220;off|off|off&#8220; admin_label=&#8220;Kostenloses Probetraining&#8220; _builder_version=&#8220;4.5.3&#8243; title_level=&#8220;h5&#8243; title_font=&#8220;|600|||||||&#8220; title_text_color=&#8220;#ed7d88&#8243; content_font=&#8220;||||||||&#8220; content_text_color=&#8220;#ed7d88&#8243; subhead_font=&#8220;||||||||&#8220; subhead_text_color=&#8220;#ed7d88&#8243; background_color=&#8220;#007072&#8243; custom_button_two=&#8220;on&#8220; button_two_font=&#8220;||||||||&#8220; button_two_on_hover=&#8220;off&#8220; custom_margin=&#8220;-10px||-5px&#8220; custom_padding=&#8220;0px|0px|0px|0px&#8220; animation_style=&#8220;slide&#8220; animation_direction=&#8220;top&#8220; animation_duration=&#8220;2000ms&#8220; animation_delay=&#8220;2000ms&#8220; animation_speed_curve=&#8220;ease-in&#8220; hover_transition_duration=&#8220;2000ms&#8220; border_color_all=&#8220;#edf000&#8243; disabled=&#8220;on&#8220;][\/et_pb_fullwidth_header][et_pb_fullwidth_header button_one_text=&#8220;Weihnachtsgeschenk GUTSCHEIN &#8211; Sparen Sie 45%!&#8220; button_one_url=&#8220;http:\/\/www.bestform-elz.de\/index.php\/2019\/11\/weihnachtsgeschenk-gutschein\/&#8220; background_overlay_color=&#8220;#00aca8&#8243; disabled_on=&#8220;off|off|off&#8220; admin_label=&#8220;Zuckerfrei Challenge&#8220; _builder_version=&#8220;4.5.3&#8243; title_level=&#8220;h5&#8243; title_font=&#8220;|600|||||||&#8220; title_text_color=&#8220;#ed7d88&#8243; content_font=&#8220;||||||||&#8220; content_text_color=&#8220;#ed7d88&#8243; subhead_font=&#8220;||||||||&#8220; subhead_text_color=&#8220;#ed7d88&#8243; background_color=&#8220;#007072&#8243; custom_button_two=&#8220;on&#8220; button_two_font=&#8220;||||||||&#8220; button_two_on_hover=&#8220;off&#8220; custom_margin=&#8220;-10px||-5px&#8220; custom_padding=&#8220;0px|0px|0px|0px&#8220; animation_style=&#8220;slide&#8220; animation_direction=&#8220;top&#8220; animation_duration=&#8220;2000ms&#8220; animation_delay=&#8220;2000ms&#8220; animation_speed_curve=&#8220;ease-in&#8220; hover_transition_duration=&#8220;2000ms&#8220; border_color_all=&#8220;#edf000&#8243; disabled=&#8220;on&#8220;][\/et_pb_fullwidth_header][et_pb_fullwidth_menu active_link_color=&#8220;#ffffff&#8220; dropdown_menu_bg_color=&#8220;#00aca8&#8243; dropdown_menu_line_color=&#8220;#ed7d88&#8243; mobile_menu_bg_color=&#8220;#00aca8&#8243; _builder_version=&#8220;4.5.3&#8243; menu_font=&#8220;|700|||||||&#8220; menu_text_color=&#8220;#ffffff&#8220; menu_font_size=&#8220;20px&#8220; background_color=&#8220;#007072&#8243; text_orientation=&#8220;right&#8220; custom_margin=&#8220;0px||0px&#8220; custom_padding=&#8220;0px||0px&#8220;][\/et_pb_fullwidth_menu][et_pb_fullwidth_header _builder_version=&#8220;4.5.3&#8243; _module_preset=&#8220;default&#8220;][\/et_pb_fullwidth_header][\/et_pb_section][et_pb_section fb_built=&#8220;1&#8243; _builder_version=&#8220;4.5.3&#8243; background_image=&#8220;http:\/\/www.bestform-elz.de\/wp-content\/uploads\/2025\/12\/mountains-7863214-scaled.jpg&#8220; parallax=&#8220;on&#8220;][et_pb_row _builder_version=&#8220;4.5.3&#8243; background_enable_image=&#8220;off&#8220; background_size=&#8220;initial&#8220; background_position=&#8220;top_left&#8220; background_repeat=&#8220;repeat&#8220; animation_style=&#8220;fade&#8220;][et_pb_column type=&#8220;4_4&#8243; _builder_version=&#8220;3.25&#8243; custom_padding=&#8220;|||&#8220; custom_padding__hover=&#8220;|||&#8220;][et_pb_slider admin_label=&#8220;Slider&#8220; _builder_version=&#8220;4.5.3&#8243; _module_preset=&#8220;default&#8220;][et_pb_slide heading=&#8220;Neu und nur im BESTform Elz&#8220; use_bg_overlay=&#8220;on&#8220; _builder_version=&#8220;4.5.3&#8243; _module_preset=&#8220;default&#8220; background_enable_color=&#8220;off&#8220; text_orientation=&#8220;center&#8220;]<\/p>\n<p>&nbsp;<\/p>\n<p><span style=\"font-size: 14pt;\">IHHT-Therapie (Intervall-Hypoxie-Hyperoxie Therapie)<\/span><\/p>\n<p>&nbsp;<\/p>\n<p><span style=\"font-size: 14pt;\">H\u00f6hentraining f\u00fcr ihre Zellen!<\/span><\/p>\n<p>[\/et_pb_slide][et_pb_slide heading=&#8220;Nie wieder M\u00fcde!&#8220; use_bg_overlay=&#8220;on&#8220; _builder_version=&#8220;4.5.3&#8243; _module_preset=&#8220;default&#8220; background_enable_color=&#8220;off&#8220;]<\/p>\n<p>&nbsp;<\/p>\n<h1 dir=\"auto\"><span style=\"font-size: 12pt;\">\u00a0DEN STOFFWECHEL OPTIMIEREN<\/span><\/h1>\n<p>Ohne Di\u00e4t Gewicht verlieren, Fett verbrennen, Muskelmasse erhalten<\/p>\n<p>&nbsp;<\/p>\n<p><span style=\"font-size: 12pt;\">\u00a0DAS GEHIRN SCH\u00dcTZEN<\/span><\/p>\n<div dir=\"auto\">\u00a0 \u00a0bessere Konzentration, h\u00f6here Ged\u00e4chtnisleistung, Alzheimer und<\/div>\n<div dir=\"auto\">\u00a0 \u00a0Parkinson vorbeugen<\/div>\n<div dir=\"auto\">\u00a0<\/div>\n<h1 dir=\"auto\"><span style=\"font-size: 12pt;\">\u00a0DIE HORMONE AUSGLEICHN<\/span><\/h1>\n<div dir=\"auto\">\u00a0 \u00a0Hormonschwankungen nat\u00fcrlich ausgleichen<\/div>\n<div dir=\"auto\">\u00a0<\/div>\n<h1 dir=\"auto\"><span style=\"font-size: 12pt;\">\u00a0TIEFER DURCHATMEN<\/span><\/h1>\n<div dir=\"auto\">\u00a0 \u00a0nicht so schnell au\u00dfer Atem, Sauerstoffaufnahme verbessern<\/div>\n<div dir=\"auto\">\u00a0<\/div>\n<h1 dir=\"auto\"><span style=\"font-size: 12pt;\">\u00a0DAS HERZ ST\u00c4RKEN<\/span><\/h1>\n<div dir=\"auto\">\u00a0 \u00a0Herzmuskel st\u00e4rken, Spa\u00df an Bewegung gewinnen,<\/div>\n<div dir=\"auto\">\u00a0 \u00a0Erkrankungen vorbeugen<\/div>\n<div dir=\"auto\">\u00a0<\/div>\n<h1 dir=\"auto\"><span style=\"font-size: 12pt;\">\u00a0DIE GEF\u00c4\u00dfE ST\u00c4RKEN<\/span><\/h1>\n<div dir=\"auto\">\n<div dir=\"auto\">\u00a0 \u00a0Mehr Elastizit\u00e4t, weniger Ablagerungen, bessere Durchblutung,<\/div>\n<div dir=\"auto\">\u00a0 \u00a0Blutdruck senken<\/div>\n<\/div>\n<div dir=\"auto\">\u00a0<\/div>\n<h1 dir=\"auto\"><span style=\"font-size: 12pt;\">\u00a0MEHR ENTSPANNUNG<\/span><\/h1>\n<div dir=\"auto\">\u00a0 \u00a0Mehr Gelassenheit, Stress besser bew\u00e4ltigen,<\/div>\n<div dir=\"auto\">\u00a0 \u00a0leichter abschalten\u00a0 und erholen,<\/div>\n<div dir=\"auto\">\u00a0 \u00a0besser schlafen und fit in den Tag starten<\/div>\n<p>[\/et_pb_slide][et_pb_slide heading=&#8220;Nobelpreis IHHT&#8220; image=&#8220;http:\/\/www.bestform-elz.de\/wp-content\/uploads\/2023\/11\/hypoxie-training-nobelpreis-removebg-preview.png&#8220; use_bg_overlay=&#8220;on&#8220; _builder_version=&#8220;4.5.3&#8243; _module_preset=&#8220;default&#8220; background_enable_color=&#8220;off&#8220;]<\/p>\n<p>&nbsp;<\/p>\n<p><span style=\"font-size: 14pt;\">Intervall-Hypoxie-Training wurde 2019 mit einem Nobelpreis gek\u00fcrt.<\/span><\/p>\n<p>[\/et_pb_slide][et_pb_slide heading=&#8220;Ablauf eine Trainings&#8220; use_bg_overlay=&#8220;on&#8220; _builder_version=&#8220;4.5.3&#8243; _module_preset=&#8220;default&#8220; background_enable_color=&#8220;off&#8220;]<\/p>\n<div dir=\"auto\">\u00a0<\/div>\n<div dir=\"auto\"><span style=\"font-size: 12pt;\">&#8211; F\u00fcr ein Training muss man sich weder aus &#8211; noch umziehen.<\/span><\/div>\n<div dir=\"auto\"><span style=\"font-size: 12pt;\">\u00a0<\/span><\/div>\n<div dir=\"auto\"><span style=\"font-size: 12pt;\">&#8211; Lediglich ein Brustgurt wird unter der Stra\u00dfen Kleidung getragen. Nat\u00fcrlich kann man auch einen bequemen Jogginganzug anziehen. Man liegt entspannt in einem Relax Sessel und atmet \u00fcber eine Maske sauerstoffarme\u00a0 \u00a0 \u00a0 und sauerstoffreiche Luft abwechselnd individuell angepasst ein.<\/span><\/div>\n<div dir=\"auto\">\u00a0<\/div>\n<div dir=\"auto\"><span style=\"font-size: 12pt;\">&#8211; Es ist nicht anstrengend. Viele empfinden das Training entspannend und schlafen dabei ein.<\/span><\/div>\n<div dir=\"auto\">\u00a0<\/div>\n<div dir=\"auto\"><span style=\"font-size: 12pt;\">&#8211; Die Sauerstoffs\u00e4ttigung und der Puls werden w\u00e4hrend des gesamten Trainings mit einem Fingerclip gemessen.<\/span><\/div>\n<div dir=\"auto\">\u00a0<\/div>\n<div dir=\"auto\"><span style=\"font-size: 12pt;\">&#8211; Die ausgebildeten Fachkr\u00e4fte beobachten das Training auf einem Bildschirm.<\/span><\/div>\n<div dir=\"auto\">\u00a0<\/div>\n<div dir=\"auto\"><span style=\"font-size: 12pt;\">&#8211; Das Ger\u00e4t ist so konzipiert, das es bei Ver\u00e4nderungen sofort und\u00a0 automatisch mit Sicherheitsma\u00dfnahmen reagiert.<\/span><\/div>\n<div dir=\"auto\">\u00a0<\/div>\n<div dir=\"auto\"><span style=\"font-size: 12pt;\">&#8211; Ein Training dauert ca. 45 Minuten!<\/span><\/div>\n<p>[\/et_pb_slide][et_pb_slide heading=&#8220;Weitere Infos!&#8220; image=&#8220;http:\/\/www.bestform-elz.de\/wp-content\/uploads\/2023\/11\/images-removebg-preview.png&#8220; use_bg_overlay=&#8220;on&#8220; _builder_version=&#8220;4.5.3&#8243; _module_preset=&#8220;default&#8220; background_enable_color=&#8220;off&#8220;]<\/p>\n<p>&nbsp;<\/p>\n<p><span style=\"font-size: 14pt;\">&#8211; demn\u00e4chst auf unserer Homepage<\/span><\/p>\n<p>&nbsp;<\/p>\n<p><span style=\"font-size: 14pt;\">&#8211; auf Facebook und Instagram oder schreib an:<\/span><\/p>\n<p><span style=\"font-size: 14pt;\"> info@bestform-elz.de<\/span><\/p>\n<p>&nbsp;<\/p>\n<p><span style=\"font-size: 14pt;\">&#8211; Termine f\u00fcr eine Probesession vereinbaren!<\/span><\/p>\n<p>&nbsp;<\/p>\n<p><span style=\"font-size: 14pt;\">Bis Bald<\/span><\/p>\n<p><span style=\"font-size: 14pt;\">Michael Bl\u00e4ttel<\/span><\/p>\n<p>[\/et_pb_slide][\/et_pb_slider][et_pb_text _builder_version=&#8220;4.5.3&#8243; _module_preset=&#8220;default&#8220; hover_enabled=&#8220;0&#8243;]<\/p>\n<p>&nbsp;<\/p>\n<p><span style=\"color: #333333;\"><strong><span style=\"font-size: 24px;\">Hier unten finden Sie ein zus\u00e4tzliches Video zum Thema IHHT, das auf dem Commit GmbH-Kanal ver\u00f6ffentlicht wurde.<\/span><\/strong><\/span><\/p>\n<p>&nbsp;<\/p>\n<p>&nbsp;<\/p>\n<p>&nbsp;<\/p>\n<p>[\/et_pb_text][et_pb_video src=&#8220;https:\/\/youtu.be\/2zXdDz8SNhY?si=35fLlC616akO0LBE&#8220; _builder_version=&#8220;4.5.3&#8243; _module_preset=&#8220;default&#8220;][\/et_pb_video][\/et_pb_column][\/et_pb_row][\/et_pb_section][et_pb_section fb_built=&#8220;1&#8243; admin_label=&#8220;Bf-Fusszeile&#8220; _builder_version=&#8220;3.19.4&#8243; background_color=&#8220;#2b2b2b&#8220; custom_padding=&#8220;0||0px||false|false&#8220; custom_padding_tablet=&#8220;0px||0px|&#8220; transparent_background=&#8220;off&#8220; padding_mobile=&#8220;on&#8220; global_module=&#8220;28970&#8243; saved_tabs=&#8220;all&#8220;][et_pb_row column_structure=&#8220;1_4,1_4,1_4,1_4&#8243; use_custom_gutter=&#8220;on&#8220; column_padding_mobile=&#8220;on&#8220; admin_label=&#8220;Row&#8220; _builder_version=&#8220;3.25&#8243; background_size=&#8220;initial&#8220; background_position=&#8220;top_left&#8220; background_repeat=&#8220;repeat&#8220; module_alignment=&#8220;center&#8220; custom_padding=&#8220;0||0||false|false&#8220;][et_pb_column type=&#8220;1_4&#8243; _builder_version=&#8220;3.25&#8243; custom_padding=&#8220;|||&#8220; custom_padding__hover=&#8220;|||&#8220;][et_pb_text admin_label=&#8220;Text&#8220; _builder_version=&#8220;3.27.4&#8243; text_font=&#8220;|700|||||||&#8220; text_text_color=&#8220;#00aca8&#8243; text_font_size=&#8220;18&#8243; text_line_height=&#8220;1.4em&#8220; background_size=&#8220;initial&#8220; background_position=&#8220;top_left&#8220; background_repeat=&#8220;repeat&#8220; custom_margin=&#8220;||8px|&#8220; use_border_color=&#8220;off&#8220; border_color=&#8220;#ffffff&#8220; border_style=&#8220;solid&#8220;]<\/p>\n<p>BESTform Elz<\/p>\n<p>[\/et_pb_text][et_pb_text admin_label=&#8220;Text&#8220; _builder_version=&#8220;3.27.4&#8243; text_font=&#8220;||||||||&#8220; text_text_color=&#8220;#ffffff&#8220; text_font_size=&#8220;16px&#8220; background_size=&#8220;initial&#8220; background_position=&#8220;top_left&#8220; background_repeat=&#8220;repeat&#8220; max_width=&#8220;300px&#8220; custom_margin=&#8220;||30px|&#8220; custom_margin_tablet=&#8220;||10px|&#8220; custom_margin_phone=&#8220;&#8220; custom_margin_last_edited=&#8220;on|tablet&#8220; custom_padding=&#8220;0px|||&#8220; use_border_color=&#8220;off&#8220; border_color=&#8220;#ffffff&#8220; border_style=&#8220;solid&#8220;]<\/p>\n<p>Michael Bl\u00e4ttel<br \/>Schulstr. 6<br \/> 65604 Elz<\/p>\n<p>[\/et_pb_text][\/et_pb_column][et_pb_column type=&#8220;1_4&#8243; _builder_version=&#8220;3.25&#8243; custom_padding=&#8220;|||&#8220; custom_padding__hover=&#8220;|||&#8220;][et_pb_text admin_label=&#8220;Text&#8220; _builder_version=&#8220;3.27.4&#8243; text_font=&#8220;|700|||||||&#8220; text_text_color=&#8220;#00aca8&#8243; text_font_size=&#8220;18&#8243; text_line_height=&#8220;1.4em&#8220; background_size=&#8220;initial&#8220; background_position=&#8220;top_left&#8220; background_repeat=&#8220;repeat&#8220; custom_margin=&#8220;||8px|&#8220; use_border_color=&#8220;off&#8220; border_color=&#8220;#ffffff&#8220; border_style=&#8220;solid&#8220;]<\/p>\n<p>Kontakt<\/p>\n<p>[\/et_pb_text][et_pb_text admin_label=&#8220;Text&#8220; _builder_version=&#8220;3.27.4&#8243; text_font=&#8220;||||||||&#8220; text_text_color=&#8220;#ffffff&#8220; text_font_size=&#8220;16px&#8220; background_size=&#8220;initial&#8220; background_position=&#8220;top_left&#8220; background_repeat=&#8220;repeat&#8220; max_width=&#8220;300px&#8220; custom_margin=&#8220;||30px|&#8220; custom_margin_tablet=&#8220;||10px|&#8220; custom_margin_phone=&#8220;&#8220; custom_margin_last_edited=&#8220;on|tablet&#8220; custom_padding=&#8220;0px|||&#8220; use_border_color=&#8220;off&#8220; border_color=&#8220;#ffffff&#8220; border_style=&#8220;solid&#8220;]<\/p>\n<p>tel.: 06431\/529392<br \/> mail: <a href=\"mailto:info@bestform-elz.de\">info@bestform-elz.de<\/a><br \/> web: <a href=\"http:\/\/www.bestform-elz.de\">www.bestform-elz.de<\/a><\/p>\n<p>[\/et_pb_text][\/et_pb_column][et_pb_column type=&#8220;1_4&#8243; _builder_version=&#8220;3.25&#8243; custom_padding=&#8220;|||&#8220; custom_padding__hover=&#8220;|||&#8220;][et_pb_text admin_label=&#8220;Text&#8220; _builder_version=&#8220;3.27.4&#8243; text_font=&#8220;|700|||||||&#8220; text_text_color=&#8220;#00aca8&#8243; text_font_size=&#8220;18&#8243; text_line_height=&#8220;1.4em&#8220; background_size=&#8220;initial&#8220; background_position=&#8220;top_left&#8220; background_repeat=&#8220;repeat&#8220; custom_margin=&#8220;||8px|&#8220; use_border_color=&#8220;off&#8220; border_color=&#8220;#ffffff&#8220; border_style=&#8220;solid&#8220;]<\/p>\n<p>\u00dcber uns<\/p>\n<p>[\/et_pb_text][et_pb_text admin_label=&#8220;Text&#8220; _builder_version=&#8220;3.27.4&#8243; text_font=&#8220;||||||||&#8220; text_text_color=&#8220;#ffffff&#8220; text_font_size=&#8220;16px&#8220; background_size=&#8220;initial&#8220; background_position=&#8220;top_left&#8220; background_repeat=&#8220;repeat&#8220; max_width=&#8220;300px&#8220; custom_margin=&#8220;||30px|&#8220; custom_margin_tablet=&#8220;||10px|&#8220; custom_margin_phone=&#8220;&#8220; custom_margin_last_edited=&#8220;on|tablet&#8220; custom_padding=&#8220;0px|||&#8220;]<\/p>\n<p><a href=\"http:\/\/www.bestform-elz.de\/#wir-ueber-uns\">Unser Studio<\/a><br \/> <a href=\"http:\/\/www.bestform-elz.de\/#leistungen\">Unsere Leistungen<\/a><br \/> <a href=\"http:\/\/www.bestform-elz.de\/index.php\/impressum\/\">Impressum<\/a><br \/> <a href=\"http:\/\/www.bestform-elz.de\/index.php\/datenschutz\/\">Datenschutz<\/a><\/p>\n<p>[\/et_pb_text][\/et_pb_column][et_pb_column type=&#8220;1_4&#8243; _builder_version=&#8220;3.25&#8243; custom_padding=&#8220;|||&#8220; custom_padding__hover=&#8220;|||&#8220;][et_pb_text admin_label=&#8220;Text&#8220; _builder_version=&#8220;3.27.4&#8243; text_font=&#8220;|700|||||||&#8220; text_text_color=&#8220;#00aca8&#8243; text_font_size=&#8220;18&#8243; text_line_height=&#8220;1.4em&#8220; background_size=&#8220;initial&#8220; background_position=&#8220;top_left&#8220; background_repeat=&#8220;repeat&#8220; custom_margin=&#8220;||8px|&#8220; use_border_color=&#8220;off&#8220; border_color=&#8220;#ffffff&#8220; border_style=&#8220;solid&#8220;]<\/p>\n<p>Folge uns<\/p>\n<p>[\/et_pb_text][et_pb_text admin_label=&#8220;Text&#8220; _builder_version=&#8220;3.27.4&#8243; text_font=&#8220;||||||||&#8220; text_text_color=&#8220;#ffffff&#8220; text_font_size=&#8220;16px&#8220; background_size=&#8220;initial&#8220; background_position=&#8220;top_left&#8220; background_repeat=&#8220;repeat&#8220; max_width=&#8220;300px&#8220; custom_margin=&#8220;||30px|&#8220; custom_margin_tablet=&#8220;||10px|&#8220; custom_margin_phone=&#8220;&#8220; custom_margin_last_edited=&#8220;on|tablet&#8220; custom_padding=&#8220;0px|||&#8220;]<\/p>\n<p><a href=\"http:\/\/www.bestform-elz.de\/#probetraining\">Jetzt Probetraining<\/a><\/p>\n<p>[\/et_pb_text][et_pb_social_media_follow _builder_version=&#8220;3.19.4&#8243;][et_pb_social_media_follow_network social_network=&#8220;facebook&#8220; url=&#8220;https:\/\/de-de.facebook.com\/bestformelz\/&#8220; _builder_version=&#8220;3.19.4&#8243; background_color=&#8220;#3b5998&#8243; follow_button=&#8220;off&#8220; url_new_window=&#8220;on&#8220;]facebook[\/et_pb_social_media_follow_network][\/et_pb_social_media_follow][\/et_pb_column][\/et_pb_row][et_pb_row _builder_version=&#8220;3.25&#8243; custom_padding=&#8220;1px|0px|21.4px|0px|false|false&#8220;][et_pb_column type=&#8220;4_4&#8243; _builder_version=&#8220;3.25&#8243; custom_padding=&#8220;|||&#8220; custom_padding__hover=&#8220;|||&#8220;][et_pb_text _builder_version=&#8220;3.27.4&#8243; text_font=&#8220;||||||||&#8220; text_text_color=&#8220;#bcbcbc&#8220;]<\/p>\n<p>\u00a9 2019 BESTform Elz | designed by <a href=\"https:\/\/www.elzit.de\">elzIT.de SERVICE<\/a><\/p>\n<p>[\/et_pb_text][\/et_pb_column][\/et_pb_row][\/et_pb_section]<\/p>\n","protected":false},"excerpt":{"rendered":"<p>[et_pb_section fb_built=&#8220;1&#8243; fullwidth=&#8220;on&#8220; disabled_on=&#8220;off|off|off&#8220; admin_label=&#8220;BF-Menuezeile&#8220; _builder_version=&#8220;4.5.3&#8243; background_color=&#8220;#007072&#8243; background_enable_image=&#8220;off&#8220; custom_margin=&#8220;-25px||0px&#8220; custom_padding=&#8220;0px|0px|0px|0px|false|false&#8220; top_divider_color=&#8220;rgba(0,0,0,0)&#8220; animation_style=&#8220;slide&#8220; animation_direction=&#8220;bottom&#8220; global_module=&#8220;29041&#8243; saved_tabs=&#8220;all&#8220;][et_pb_fullwidth_header button_one_text=&#8220;Zum Xbody Video!&#8220; button_one_url=&#8220;http:\/\/www.bestform-elz.de\/index.php\/figurscout\/&#8220; button_two_text=&#8220;Mehr zu IHHT!&#8220; button_two_url=&#8220;http:\/\/www.bestform-elz.de\/index.php\/IHHT\/&#8220; background_overlay_color=&#8220;#00aca8&#8243; disabled_on=&#8220;off|off|off&#8220; admin_label=&#8220;Kostenloses Probetraining&#8220; _builder_version=&#8220;4.5.3&#8243; title_level=&#8220;h5&#8243; title_font=&#8220;|600|||||||&#8220; title_text_color=&#8220;#ed7d88&#8243; content_font=&#8220;||||||||&#8220; content_text_color=&#8220;#ed7d88&#8243; subhead_font=&#8220;||||||||&#8220; subhead_text_color=&#8220;#ed7d88&#8243; background_color=&#8220;#007072&#8243; custom_button_two=&#8220;on&#8220; button_two_font=&#8220;||||||||&#8220; button_two_on_hover=&#8220;off&#8220; custom_margin=&#8220;-10px||-5px&#8220; custom_padding=&#8220;0px|0px|0px|0px&#8220; animation_style=&#8220;slide&#8220; animation_direction=&#8220;top&#8220; animation_duration=&#8220;2000ms&#8220; animation_delay=&#8220;2000ms&#8220; animation_speed_curve=&#8220;ease-in&#8220; hover_transition_duration=&#8220;2000ms&#8220; border_color_all=&#8220;#edf000&#8243;][\/et_pb_fullwidth_header][et_pb_fullwidth_header button_one_text=&#8220;Zum Xbody Video!&#8220; button_one_url=&#8220; https:\/\/www.bestform-elz.de\/index.php\/ihht\/&#8220; button_two_url=&#8220;http:\/\/www.bestform-elz.de\/#corona&#8220; background_overlay_color=&#8220;#00aca8&#8243; [&hellip;]<\/p>\n","protected":false},"author":4,"featured_media":0,"parent":0,"menu_order":0,"comment_status":"closed","ping_status":"closed","template":"page-template-blank.php","meta":{"_et_pb_use_builder":"on","_et_pb_old_content":"","_et_gb_content_width":""},"_links":{"self":[{"href":"http:\/\/www.bestform-elz.de\/index.php\/wp-json\/wp\/v2\/pages\/31298"}],"collection":[{"href":"http:\/\/www.bestform-elz.de\/index.php\/wp-json\/wp\/v2\/pages"}],"about":[{"href":"http:\/\/www.bestform-elz.de\/index.php\/wp-json\/wp\/v2\/types\/page"}],"author":[{"embeddable":true,"href":"http:\/\/www.bestform-elz.de\/index.php\/wp-json\/wp\/v2\/users\/4"}],"replies":[{"embeddable":true,"href":"http:\/\/www.bestform-elz.de\/index.php\/wp-json\/wp\/v2\/comments?post=31298"}],"version-history":[{"count":84,"href":"http:\/\/www.bestform-elz.de\/index.php\/wp-json\/wp\/v2\/pages\/31298\/revisions"}],"predecessor-version":[{"id":31557,"href":"http:\/\/www.bestform-elz.de\/index.php\/wp-json\/wp\/v2\/pages\/31298\/revisions\/31557"}],"wp:attachment":[{"href":"http:\/\/www.bestform-elz.de\/index.php\/wp-json\/wp\/v2\/media?parent=31298"}],"curies":[{"name":"wp","href":"https:\/\/api.w.org\/{rel}","templated":true}]}}